{"id":1055,"date":"2024-10-02T09:04:25","date_gmt":"2024-10-02T09:04:25","guid":{"rendered":"https:\/\/gs-am-tannenplatz.de\/?page_id=1055"},"modified":"2025-11-04T15:01:53","modified_gmt":"2025-11-04T15:01:53","slug":"junge-buehne-ulm","status":"publish","type":"page","link":"https:\/\/gs-am-tannenplatz.de\/index.php\/junge-buehne-ulm\/","title":{"rendered":"Junge B\u00fchne Ulm"},"content":{"rendered":"\n<p>Die Grundschule am Tannenplatz und Au\u00dfenstelle Erenlauh sind Partnerin der <strong>Hand-in-Hand-Pakete<\/strong> mit der <strong><a href=\"https:\/\/www.jub-ulm.de\" data-type=\"link\" data-id=\"https:\/\/www.jub-ulm.de\" target=\"_blank\" rel=\"noreferrer noopener\">Jungen B\u00fchne Ulm<\/a><\/strong>. Im Schuljahr 2025\/26 besuchen <strong>alle 17 Klassen<\/strong> ein St\u00fcck der aktuellen Spielzeit der JUB. Die Klassen erhalten daf\u00fcr je einen theaterp\u00e4dagogischen Workshop, f\u00fcr den die JUB zu uns an die Schule kommt. Die theaterp\u00e4dagogische Zeit kann f\u00fcr eine Vor- oder Nachbereitung der St\u00fccke genutzt werden. Sie kann aber auch individuell an die Klassensituation angepasst werden oder f\u00fcr ein Projekt herangezogen werden.<br><br>Wir freuen uns sehr \u00fcber die Kooperation und sind voller Vorfreude auf die Spielzeit.<\/p>\n\n\n\n<p><strong>In der aktuellen Spielzeit besuchen wir die St\u00fccke:<\/strong><\/p>\n\n\n\n<ul class=\"wp-block-list\">\n<li><a href=\"https:\/\/www.jub-ulm.de\/stuecke\/hotzenplotz\" target=\"_blank\" rel=\"noreferrer noopener\">Neues vom R\u00e4uber Hotzenplotz<\/a><\/li>\n\n\n\n<li><a href=\"https:\/\/www.jub-ulm.de\/stuecke\/jurte2025\" target=\"_blank\" rel=\"noreferrer noopener\">Die M\u00e4rchenjurte<\/a><\/li>\n\n\n\n<li><a href=\"https:\/\/www.jub-ulm.de\/stuecke\/ddfkids\" data-type=\"link\" data-id=\"https:\/\/www.jub-ulm.de\/stuecke\/ddfkids\" target=\"_blank\" rel=\"noreferrer noopener\">Die Drei ??? Kids<\/a><\/li>\n\n\n\n<li><a href=\"https:\/\/www.jub-ulm.de\/stuecke\/artus\" data-type=\"link\" data-id=\"https:\/\/www.jub-ulm.de\/stuecke\/artus\" target=\"_blank\" rel=\"noreferrer noopener\">K\u00f6nig Artus<\/a><\/li>\n\n\n\n<li><a href=\"https:\/\/www.jub-ulm.de\/stuecke\/traum\" target=\"_blank\" rel=\"noreferrer noopener\">Das Traumfresserchen<\/a><\/li>\n<\/ul>\n\n\n\n<figure class=\"wp-block-image size-full\"><img loading=\"lazy\" decoding=\"async\" width=\"1200\" height=\"600\" src=\"https:\/\/gs-am-tannenplatz.de\/wp-content\/uploads\/2024\/10\/JUB_Logo.jpg\" alt=\"\" class=\"wp-image-1060\" srcset=\"https:\/\/gs-am-tannenplatz.de\/wp-content\/uploads\/2024\/10\/JUB_Logo.jpg 1200w, https:\/\/gs-am-tannenplatz.de\/wp-content\/uploads\/2024\/10\/JUB_Logo-1024x512.jpg 1024w, https:\/\/gs-am-tannenplatz.de\/wp-content\/uploads\/2024\/10\/JUB_Logo-768x384.jpg 768w\" sizes=\"auto, (max-width: 1200px) 100vw, 1200px\" \/><figcaption class=\"wp-element-caption\"><a href=\"https:\/\/www.jub-ulm.de\/tp\" data-type=\"link\" data-id=\"https:\/\/www.jub-ulm.de\/tp\" target=\"_blank\" rel=\"noreferrer noopener\">Junge Ulmer B\u00fchne, Bereich Theaterp\u00e4dagogik.<\/a><\/figcaption><\/figure>\n\n\n\n<p><\/p>\n","protected":false},"excerpt":{"rendered":"<p>Die Grundschule am Tannenplatz und Au\u00dfenstelle Erenlauh sind Partnerin der Hand-in-Hand-Pakete mit der Jungen B\u00fchne Ulm. Im Schuljahr 2025\/26 besuchen alle 17 Klassen ein St\u00fcck&hellip;<\/p>\n","protected":false},"author":4,"featured_media":0,"parent":0,"menu_order":0,"comment_status":"closed","ping_status":"closed","template":"","meta":{"footnotes":""},"class_list":["post-1055","page","type-page","status-publish","hentry"],"_links":{"self":[{"href":"https:\/\/gs-am-tannenplatz.de\/index.php\/wp-json\/wp\/v2\/pages\/1055","targetHints":{"allow":["GET"]}}],"collection":[{"href":"https:\/\/gs-am-tannenplatz.de\/index.php\/wp-json\/wp\/v2\/pages"}],"about":[{"href":"https:\/\/gs-am-tannenplatz.de\/index.php\/wp-json\/wp\/v2\/types\/page"}],"author":[{"embeddable":true,"href":"https:\/\/gs-am-tannenplatz.de\/index.php\/wp-json\/wp\/v2\/users\/4"}],"replies":[{"embeddable":true,"href":"https:\/\/gs-am-tannenplatz.de\/index.php\/wp-json\/wp\/v2\/comments?post=1055"}],"version-history":[{"count":7,"href":"https:\/\/gs-am-tannenplatz.de\/index.php\/wp-json\/wp\/v2\/pages\/1055\/revisions"}],"predecessor-version":[{"id":1957,"href":"https:\/\/gs-am-tannenplatz.de\/index.php\/wp-json\/wp\/v2\/pages\/1055\/revisions\/1957"}],"wp:attachment":[{"href":"https:\/\/gs-am-tannenplatz.de\/index.php\/wp-json\/wp\/v2\/media?parent=1055"}],"curies":[{"name":"wp","href":"https:\/\/api.w.org\/{rel}","templated":true}]}}