{"id":1131,"date":"2024-11-07T21:31:53","date_gmt":"2024-11-07T21:31:53","guid":{"rendered":"https:\/\/gs-am-tannenplatz.de\/?page_id=1131"},"modified":"2026-01-21T13:09:54","modified_gmt":"2026-01-21T13:09:54","slug":"schulkindbetreuung","status":"publish","type":"page","link":"https:\/\/gs-am-tannenplatz.de\/index.php\/schulkindbetreuung\/","title":{"rendered":"Schulkindbetreuung"},"content":{"rendered":"\n<p><\/p>\n\n\n\n<h3 class=\"wp-block-heading has-text-align-center\">Herzlich Willkommen bei der Schulkindbetreuung der Grundschule am Tannenplatz und Au\u00dfenstelle Erenlauh<\/h3>\n\n\n\n<p class=\"has-text-align-center\">Die Grundschule am Tannenplatz ist eine von 24 Grundschulen in st\u00e4dtischer Tr\u00e4gerschaft. Unsere Schulkindbetreuung begleitet Kinder im Grundschulalter (Klassen 1\u20134) verl\u00e4sslich <strong>vor, w\u00e4hrend und nach dem Unterricht<\/strong>. Die Schulkindbetreuung basiert auf einem <strong>offenen Konzept<\/strong>. Unser Ziel ist es, gemeinsames Lernen, Spielen und Entdecken zu erm\u00f6glichen.<\/p>\n\n\n\n<p class=\"has-text-align-center\">Mit einem l<strong>ebensweltorientierten Blick auf das einzelne Kind<\/strong> werden die Sch\u00fclerinnen und Sch\u00fcler durch vielf\u00e4ltige Angebote von unseren geschulten Mitarbeiterinnen und Mitarbeitern begleitet und betreut. Unsere Angebote verstehen sich als <strong>Bestandteil des Ganztags<\/strong>. Wir arbeiten eng mit der Schule, den Lehrkr\u00e4ften und den Eltern zusammen, um den Alltag der Kinder rhythmisiert, verl\u00e4sslich und bereichernd zu gestalten. <\/p>\n\n\n\n<p class=\"has-text-align-center\">Die p\u00e4dagogischen Leitlinien im Sachgebiet Ganztag bilden hierf\u00fcr die Grundlage \u2013 sie geben uns eine gemeinsame Haltung und Orientierung f\u00fcr Bildung und Betreuung \u00fcber den Schultag hinaus.<\/p>\n\n\n<div class=\"wp-block-image\">\n<figure class=\"aligncenter size-full is-resized\"><a href=\"https:\/\/publish.flyeralarm.digital\/paedagogische-leitlinien-im-sachgebiet-ganztag\/#paedagogische-leitlinien-im-sachgebiet-ganztag\/1\"><img loading=\"lazy\" decoding=\"async\" width=\"1107\" height=\"1108\" src=\"https:\/\/gs-am-tannenplatz.de\/wp-content\/uploads\/2026\/01\/image.png\" alt=\"\" class=\"wp-image-2104\" style=\"aspect-ratio:0.9991079393398751;width:392px;height:auto\" srcset=\"https:\/\/gs-am-tannenplatz.de\/wp-content\/uploads\/2026\/01\/image.png 1107w, https:\/\/gs-am-tannenplatz.de\/wp-content\/uploads\/2026\/01\/image-1024x1024.png 1024w, https:\/\/gs-am-tannenplatz.de\/wp-content\/uploads\/2026\/01\/image-150x150.png 150w, https:\/\/gs-am-tannenplatz.de\/wp-content\/uploads\/2026\/01\/image-768x769.png 768w\" sizes=\"auto, (max-width: 1107px) 100vw, 1107px\" \/><\/a><\/figure>\n<\/div>\n\n\n<p><\/p>\n\n\n\n<h3 class=\"wp-block-heading has-text-align-center\">Informieren Sie sich gerne \u00fcber unsere \u00d6ffnungszeiten, Standorte und Anmeldewege \u2013 wir freuen uns darauf, Ihre Kinder auf ihrem Weg zu begleiten!<\/h3>\n\n\n\n<p><\/p>\n","protected":false},"excerpt":{"rendered":"<p>Herzlich Willkommen bei der Schulkindbetreuung der Grundschule am Tannenplatz und Au\u00dfenstelle Erenlauh Die Grundschule am Tannenplatz ist eine von 24 Grundschulen in st\u00e4dtischer Tr\u00e4gerschaft. Unsere&hellip;<\/p>\n","protected":false},"author":4,"featured_media":0,"parent":0,"menu_order":0,"comment_status":"closed","ping_status":"closed","template":"","meta":{"footnotes":""},"class_list":["post-1131","page","type-page","status-publish","hentry"],"_links":{"self":[{"href":"https:\/\/gs-am-tannenplatz.de\/index.php\/wp-json\/wp\/v2\/pages\/1131","targetHints":{"allow":["GET"]}}],"collection":[{"href":"https:\/\/gs-am-tannenplatz.de\/index.php\/wp-json\/wp\/v2\/pages"}],"about":[{"href":"https:\/\/gs-am-tannenplatz.de\/index.php\/wp-json\/wp\/v2\/types\/page"}],"author":[{"embeddable":true,"href":"https:\/\/gs-am-tannenplatz.de\/index.php\/wp-json\/wp\/v2\/users\/4"}],"replies":[{"embeddable":true,"href":"https:\/\/gs-am-tannenplatz.de\/index.php\/wp-json\/wp\/v2\/comments?post=1131"}],"version-history":[{"count":17,"href":"https:\/\/gs-am-tannenplatz.de\/index.php\/wp-json\/wp\/v2\/pages\/1131\/revisions"}],"predecessor-version":[{"id":2118,"href":"https:\/\/gs-am-tannenplatz.de\/index.php\/wp-json\/wp\/v2\/pages\/1131\/revisions\/2118"}],"wp:attachment":[{"href":"https:\/\/gs-am-tannenplatz.de\/index.php\/wp-json\/wp\/v2\/media?parent=1131"}],"curies":[{"name":"wp","href":"https:\/\/api.w.org\/{rel}","templated":true}]}}