{"id":1160,"date":"2024-11-07T22:11:18","date_gmt":"2024-11-07T22:11:18","guid":{"rendered":"https:\/\/gs-am-tannenplatz.de\/?page_id=1160"},"modified":"2025-10-31T09:07:15","modified_gmt":"2025-10-31T09:07:15","slug":"multiprofessionelles-team","status":"publish","type":"page","link":"https:\/\/gs-am-tannenplatz.de\/index.php\/multiprofessionelles-team\/","title":{"rendered":"Multiprofessionelles Team"},"content":{"rendered":"\n<p>Das <strong>multiprofessionelle Team<\/strong> an der Grundschule am Tannenplatz spielt eine zentrale Rolle bei der Koordination und Weiterentwicklung der Zusammenarbeit des schulweiten Teams. Durch regelm\u00e4\u00dfige Treffen und gezielte Gespr\u00e4chsrunden wird die Zusammenarbeit strukturiert und auf die Bed\u00fcrfnisse der Schule abgestimmt. Das multiprofessionelle Team \u00fcbernimmt die Verantwortung f\u00fcr die Weiterentwicklung von Konzepten und Ma\u00dfnahmen, die die p\u00e4dagogische Arbeit und die schulische Organisation betreffen. Es sorgt daf\u00fcr, dass alle Beteiligten stets gut informiert sind, ihre Perspektiven einbringen k\u00f6nnen und die gemeinsamen Ziele im Sinne einer bestm\u00f6glichen F\u00f6rderung der Sch\u00fclerinnen effektiv verfolgt werden. Dem multiprofessionellen Team geh\u00f6ren im Sj. 25\/26 an:<\/p>\n\n\n\n<ul class=\"wp-block-list\">\n<li>Anja Prinz Kanold (Schulleitung)<\/li>\n\n\n\n<li>Christiane Herr (stellvertr. Schulleitung)<\/li>\n\n\n\n<li>Niclas Protschka (Leitung <a href=\"https:\/\/gs-am-tannenplatz.de\/index.php\/schulkindbetreuung\/\" data-type=\"page\" data-id=\"1131\">Schulkindbetreuung<\/a>) und Johanna Fakler (stellvertr. Leitung Schulkindbetreuung)<\/li>\n\n\n\n<li>Laura Kolb und Carima McIlhone (<a href=\"https:\/\/gs-am-tannenplatz.de\/index.php\/schulsozialarbeit\/\" data-type=\"page\" data-id=\"280\">Schulsozialarbeit<\/a>)<\/li>\n\n\n\n<li>Svenja Klotzb\u00fccher und Jonas Mayer (Lehrkr\u00e4fte)<\/li>\n\n\n\n<li>Jessi Huber (<a href=\"https:\/\/gs-am-tannenplatz.de\/index.php\/asija\/\" data-type=\"page\" data-id=\"278\">ASiJA<\/a>, bei Bedarf)<\/li>\n\n\n\n<li>Christine Schwegler (Sonderp\u00e4dagogin, bei Bedarf)<\/li>\n<\/ul>\n\n\n\n<p><\/p>\n","protected":false},"excerpt":{"rendered":"<p>Das multiprofessionelle Team an der Grundschule am Tannenplatz spielt eine zentrale Rolle bei der Koordination und Weiterentwicklung der Zusammenarbeit des schulweiten Teams. Durch regelm\u00e4\u00dfige Treffen&hellip;<\/p>\n","protected":false},"author":4,"featured_media":0,"parent":0,"menu_order":0,"comment_status":"closed","ping_status":"closed","template":"","meta":{"footnotes":""},"class_list":["post-1160","page","type-page","status-publish","hentry"],"_links":{"self":[{"href":"https:\/\/gs-am-tannenplatz.de\/index.php\/wp-json\/wp\/v2\/pages\/1160","targetHints":{"allow":["GET"]}}],"collection":[{"href":"https:\/\/gs-am-tannenplatz.de\/index.php\/wp-json\/wp\/v2\/pages"}],"about":[{"href":"https:\/\/gs-am-tannenplatz.de\/index.php\/wp-json\/wp\/v2\/types\/page"}],"author":[{"embeddable":true,"href":"https:\/\/gs-am-tannenplatz.de\/index.php\/wp-json\/wp\/v2\/users\/4"}],"replies":[{"embeddable":true,"href":"https:\/\/gs-am-tannenplatz.de\/index.php\/wp-json\/wp\/v2\/comments?post=1160"}],"version-history":[{"count":8,"href":"https:\/\/gs-am-tannenplatz.de\/index.php\/wp-json\/wp\/v2\/pages\/1160\/revisions"}],"predecessor-version":[{"id":1828,"href":"https:\/\/gs-am-tannenplatz.de\/index.php\/wp-json\/wp\/v2\/pages\/1160\/revisions\/1828"}],"wp:attachment":[{"href":"https:\/\/gs-am-tannenplatz.de\/index.php\/wp-json\/wp\/v2\/media?parent=1160"}],"curies":[{"name":"wp","href":"https:\/\/api.w.org\/{rel}","templated":true}]}}