{"id":1183,"date":"2024-11-13T13:03:29","date_gmt":"2024-11-13T13:03:29","guid":{"rendered":"https:\/\/gs-am-tannenplatz.de\/?page_id=1183"},"modified":"2026-01-10T15:06:20","modified_gmt":"2026-01-10T15:06:20","slug":"schulversammlungen","status":"publish","type":"page","link":"https:\/\/gs-am-tannenplatz.de\/index.php\/schulversammlungen\/","title":{"rendered":"Schulversammlungen"},"content":{"rendered":"\n<h2 class=\"wp-block-heading\">Vorstellung der Klassensprecher*innen<\/h2>\n\n\n\n<p>Bei der Schulversammlung am 19.12.2025 stellten sich die Klassensprecherinnen und -sprecher aller Klassen vor. Das hatten sie den Mitsch\u00fclerinnen und Mitsch\u00fclern, den Lehrkr\u00e4ften, der Schul- sowie der Betreuungsleitung zu sagen:<\/p>\n\n\n\n<p>Wir sind die Klassensprecher*innen der Schule. <br><strong>Wir sind eure Ansprechpartner und sind f\u00fcr euch da.<\/strong> Ihr k\u00f6nnt uns immer ansprechen, wenn etwas ist. Oder wir sprechen im Klassenrat dar\u00fcber, was euch besch\u00e4ftigt. Wenn ihr einen Streit kl\u00e4ren m\u00fcsst, k\u00f6nnt ihr uns immer dazu holen. Wir helfen dann beim L\u00f6sen. Alle Klassensprecher*innen treffen sich regelm\u00e4\u00dfig. Wir sprechen dann dar\u00fcber, was wir an der Schule \u00e4ndern wollen.<br><strong>Wir m\u00f6chten mehr Mitbestimmung haben.<\/strong> Damit wir alle gemeinsam Entscheidungen treffen k\u00f6nnen. Zum Beispiel m\u00f6chten wir den Pausenhof versch\u00f6nern, damit er f\u00fcr uns alle besser wird. Wir finden, dass wir mehr und B\u00e4lle f\u00fcr den Pausenhof brauchen. Und feste Tore. Saubere Klos sind uns wichtig. Deswegen wollen wir mit euch zusammen eine L\u00f6sung f\u00fcr die Klos finden. Es liegt an uns allen, die Klos und das Schulhaus sauber zu halten. Wir setzen uns daf\u00fcr ein. Vielleicht k\u00f6nnen wir ja sogar mal im Unterricht oder der Lernzeit ein paar Dinge mitbestimmen. Die Lehrkr\u00e4fte sollen weniger alleine bestimmen. Wir m\u00f6chten mit ihnen zusammen bestimmen und entscheiden. Deswegen werden wir uns auch mit Frau Prinz-Kanold und mit Herr Protschka treffen. Wir wollen ihnen unsere Themen und Ideen sagen und gemeinsam mit ihnen L\u00f6sungen finden. Wir freuen uns auf das Schuljahr mit euch zusammen. <br><strong>Denkt dran: Wir sind f\u00fcr euch da!<\/strong><\/p>\n\n\n\n<figure class=\"wp-block-image size-large\"><img loading=\"lazy\" decoding=\"async\" width=\"2480\" height=\"1496\" src=\"https:\/\/gs-am-tannenplatz.de\/wp-content\/uploads\/2026\/01\/KS_Pixel-2480x1496.png\" alt=\"\" class=\"wp-image-2075\" srcset=\"https:\/\/gs-am-tannenplatz.de\/wp-content\/uploads\/2026\/01\/KS_Pixel-2480x1496.png 2480w, https:\/\/gs-am-tannenplatz.de\/wp-content\/uploads\/2026\/01\/KS_Pixel-1024x618.png 1024w, https:\/\/gs-am-tannenplatz.de\/wp-content\/uploads\/2026\/01\/KS_Pixel-768x463.png 768w, https:\/\/gs-am-tannenplatz.de\/wp-content\/uploads\/2026\/01\/KS_Pixel-1536x927.png 1536w, https:\/\/gs-am-tannenplatz.de\/wp-content\/uploads\/2026\/01\/KS_Pixel-2048x1236.png 2048w\" sizes=\"auto, (max-width: 2480px) 100vw, 2480px\" \/><\/figure>\n\n\n\n<h2 class=\"wp-block-heading\">Begr\u00fc\u00dfung zum neuen Schuljahr 2025\/26<\/h2>\n\n\n\n<figure data-wp-context=\"{&quot;imageId&quot;:&quot;69ecc3355a819&quot;}\" data-wp-interactive=\"core\/image\" data-wp-key=\"69ecc3355a819\" class=\"wp-block-image size-large wp-lightbox-container\"><img loading=\"lazy\" decoding=\"async\" width=\"2480\" height=\"1860\" data-wp-class--hide=\"state.isContentHidden\" data-wp-class--show=\"state.isContentVisible\" data-wp-init=\"callbacks.setButtonStyles\" data-wp-on--click=\"actions.showLightbox\" data-wp-on--load=\"callbacks.setButtonStyles\" data-wp-on-window--resize=\"callbacks.setButtonStyles\" src=\"https:\/\/gs-am-tannenplatz.de\/wp-content\/uploads\/2025\/09\/20250915_095134_Pixel-2480x1860.jpg\" alt=\"\" class=\"wp-image-1796\" srcset=\"https:\/\/gs-am-tannenplatz.de\/wp-content\/uploads\/2025\/09\/20250915_095134_Pixel-2480x1860.jpg 2480w, https:\/\/gs-am-tannenplatz.de\/wp-content\/uploads\/2025\/09\/20250915_095134_Pixel-1024x768.jpg 1024w, https:\/\/gs-am-tannenplatz.de\/wp-content\/uploads\/2025\/09\/20250915_095134_Pixel-768x576.jpg 768w, https:\/\/gs-am-tannenplatz.de\/wp-content\/uploads\/2025\/09\/20250915_095134_Pixel-1536x1152.jpg 1536w, https:\/\/gs-am-tannenplatz.de\/wp-content\/uploads\/2025\/09\/20250915_095134_Pixel-2048x1536.jpg 2048w\" sizes=\"auto, (max-width: 2480px) 100vw, 2480px\" \/><button\n\t\t\tclass=\"lightbox-trigger\"\n\t\t\ttype=\"button\"\n\t\t\taria-haspopup=\"dialog\"\n\t\t\taria-label=\"Vergr\u00f6\u00dfern\"\n\t\t\tdata-wp-init=\"callbacks.initTriggerButton\"\n\t\t\tdata-wp-on--click=\"actions.showLightbox\"\n\t\t\tdata-wp-style--right=\"state.imageButtonRight\"\n\t\t\tdata-wp-style--top=\"state.imageButtonTop\"\n\t\t>\n\t\t\t<svg xmlns=\"http:\/\/www.w3.org\/2000\/svg\" width=\"12\" height=\"12\" fill=\"none\" viewBox=\"0 0 12 12\">\n\t\t\t\t<path fill=\"#fff\" d=\"M2 0a2 2 0 0 0-2 2v2h1.5V2a.5.5 0 0 1 .5-.5h2V0H2Zm2 10.5H2a.5.5 0 0 1-.5-.5V8H0v2a2 2 0 0 0 2 2h2v-1.5ZM8 12v-1.5h2a.5.5 0 0 0 .5-.5V8H12v2a2 2 0 0 1-2 2H8Zm2-12a2 2 0 0 1 2 2v2h-1.5V2a.5.5 0 0 0-.5-.5H8V0h2Z\" \/>\n\t\t\t<\/svg>\n\t\t<\/button><\/figure>\n\n\n\n<p>Bei der ersten Schulversammlung im neuen Schuljahr begr\u00fc\u00dfte uns Schulleiterin Fr. Prinz-Kanold. Sie w\u00fcnschte uns allen einen gelungenen Start, viel Freude und sch\u00f6ne Momente in der Schule. Zum Abschluss sangen wir gemeinsam unsere Schulhymne.<\/p>\n","protected":false},"excerpt":{"rendered":"<p>Vorstellung der Klassensprecher*innen Bei der Schulversammlung am 19.12.2025 stellten sich die Klassensprecherinnen und -sprecher aller Klassen vor. Das hatten sie den Mitsch\u00fclerinnen und Mitsch\u00fclern, den&hellip;<\/p>\n","protected":false},"author":4,"featured_media":0,"parent":0,"menu_order":0,"comment_status":"closed","ping_status":"closed","template":"","meta":{"footnotes":""},"class_list":["post-1183","page","type-page","status-publish","hentry"],"_links":{"self":[{"href":"https:\/\/gs-am-tannenplatz.de\/index.php\/wp-json\/wp\/v2\/pages\/1183","targetHints":{"allow":["GET"]}}],"collection":[{"href":"https:\/\/gs-am-tannenplatz.de\/index.php\/wp-json\/wp\/v2\/pages"}],"about":[{"href":"https:\/\/gs-am-tannenplatz.de\/index.php\/wp-json\/wp\/v2\/types\/page"}],"author":[{"embeddable":true,"href":"https:\/\/gs-am-tannenplatz.de\/index.php\/wp-json\/wp\/v2\/users\/4"}],"replies":[{"embeddable":true,"href":"https:\/\/gs-am-tannenplatz.de\/index.php\/wp-json\/wp\/v2\/comments?post=1183"}],"version-history":[{"count":30,"href":"https:\/\/gs-am-tannenplatz.de\/index.php\/wp-json\/wp\/v2\/pages\/1183\/revisions"}],"predecessor-version":[{"id":2076,"href":"https:\/\/gs-am-tannenplatz.de\/index.php\/wp-json\/wp\/v2\/pages\/1183\/revisions\/2076"}],"wp:attachment":[{"href":"https:\/\/gs-am-tannenplatz.de\/index.php\/wp-json\/wp\/v2\/media?parent=1183"}],"curies":[{"name":"wp","href":"https:\/\/api.w.org\/{rel}","templated":true}]}}