{"id":1196,"date":"2024-11-13T13:31:05","date_gmt":"2024-11-13T13:31:05","guid":{"rendered":"https:\/\/gs-am-tannenplatz.de\/?page_id=1196"},"modified":"2024-11-23T18:00:19","modified_gmt":"2024-11-23T18:00:19","slug":"lesehunde","status":"publish","type":"page","link":"https:\/\/gs-am-tannenplatz.de\/index.php\/lesehunde\/","title":{"rendered":"DRK Therapiehunde-Teams"},"content":{"rendered":"\n<p>Die Grundschule am Tannenplatz bekommt seit diesem Schuljahr w\u00f6chentlich Besuch auf vier Pfoten. Immer mittwochs von 13:45 bis 14:30 Uhr kommen die <a href=\"https:\/\/www.drk-ulm.de\/therapiehunde.html\" data-type=\"link\" data-id=\"https:\/\/www.drk-ulm.de\/therapiehunde.html\" target=\"_blank\" rel=\"noreferrer noopener\">DRK-Therapiehunde-Teams<\/a> zu uns. Ausgew\u00e4hlte Kinder d\u00fcrfen den Hunden dann ein paar Seiten aus ihren Lieblingsb\u00fcchern vorlesen.<\/p>\n\n\n\n<h4 class=\"wp-block-heading\"><strong>Die Hundeteams sind <em>Spannungsl\u00f6ser<\/em>, <em>Bed\u00fcrfnisaufdecker<\/em> und <em>Br\u00fcckenbauer<\/em><\/strong><\/h4>\n\n\n\n<ul class=\"wp-block-list\">\n<li>Sie schaffen Sinnes- und Bewegungsanreize<\/li>\n\n\n\n<li>Sie erm\u00f6glichen sozialen Kontakt zu Mensch und Tier<\/li>\n\n\n\n<li>Sie vermitteln Kindern den artgerechten Umgang mit Hunden<\/li>\n\n\n\n<li>Sie erleichtern es, Gef\u00fchle auszudr\u00fccken<\/li>\n\n\n\n<li>Sie bringen Abwechslung in den Alltag<\/li>\n\n\n\n<li>Sie schaffen K\u00f6rperkontakt<\/li>\n\n\n\n<li>Sie helfen dabei, Einsamkeit abzubauen<\/li>\n\n\n\n<li>Sie schenken pure Freude<\/li>\n<\/ul>\n\n\n<div class=\"wp-block-image\">\n<figure class=\"aligncenter size-large is-resized\"><img loading=\"lazy\" decoding=\"async\" width=\"1892\" height=\"2480\" src=\"https:\/\/gs-am-tannenplatz.de\/wp-content\/uploads\/2024\/11\/Therapiehunde-1892x2480.jpg\" alt=\"\" class=\"wp-image-1231\" style=\"width:375px;height:auto\" srcset=\"https:\/\/gs-am-tannenplatz.de\/wp-content\/uploads\/2024\/11\/Therapiehunde-1892x2480.jpg 1892w, https:\/\/gs-am-tannenplatz.de\/wp-content\/uploads\/2024\/11\/Therapiehunde-781x1024.jpg 781w, https:\/\/gs-am-tannenplatz.de\/wp-content\/uploads\/2024\/11\/Therapiehunde-768x1007.jpg 768w, https:\/\/gs-am-tannenplatz.de\/wp-content\/uploads\/2024\/11\/Therapiehunde-1172x1536.jpg 1172w, https:\/\/gs-am-tannenplatz.de\/wp-content\/uploads\/2024\/11\/Therapiehunde-1563x2048.jpg 1563w, https:\/\/gs-am-tannenplatz.de\/wp-content\/uploads\/2024\/11\/Therapiehunde-scaled.jpg 1953w\" sizes=\"auto, (max-width: 1892px) 100vw, 1892px\" \/><\/figure>\n<\/div>\n\n\n<p><\/p>\n","protected":false},"excerpt":{"rendered":"<p>Die Grundschule am Tannenplatz bekommt seit diesem Schuljahr w\u00f6chentlich Besuch auf vier Pfoten. Immer mittwochs von 13:45 bis 14:30 Uhr kommen die DRK-Therapiehunde-Teams zu uns.&hellip;<\/p>\n","protected":false},"author":4,"featured_media":0,"parent":0,"menu_order":0,"comment_status":"closed","ping_status":"closed","template":"","meta":{"footnotes":""},"class_list":["post-1196","page","type-page","status-publish","hentry"],"_links":{"self":[{"href":"https:\/\/gs-am-tannenplatz.de\/index.php\/wp-json\/wp\/v2\/pages\/1196","targetHints":{"allow":["GET"]}}],"collection":[{"href":"https:\/\/gs-am-tannenplatz.de\/index.php\/wp-json\/wp\/v2\/pages"}],"about":[{"href":"https:\/\/gs-am-tannenplatz.de\/index.php\/wp-json\/wp\/v2\/types\/page"}],"author":[{"embeddable":true,"href":"https:\/\/gs-am-tannenplatz.de\/index.php\/wp-json\/wp\/v2\/users\/4"}],"replies":[{"embeddable":true,"href":"https:\/\/gs-am-tannenplatz.de\/index.php\/wp-json\/wp\/v2\/comments?post=1196"}],"version-history":[{"count":7,"href":"https:\/\/gs-am-tannenplatz.de\/index.php\/wp-json\/wp\/v2\/pages\/1196\/revisions"}],"predecessor-version":[{"id":1233,"href":"https:\/\/gs-am-tannenplatz.de\/index.php\/wp-json\/wp\/v2\/pages\/1196\/revisions\/1233"}],"wp:attachment":[{"href":"https:\/\/gs-am-tannenplatz.de\/index.php\/wp-json\/wp\/v2\/media?parent=1196"}],"curies":[{"name":"wp","href":"https:\/\/api.w.org\/{rel}","templated":true}]}}