{"id":1212,"date":"2024-11-23T17:04:46","date_gmt":"2024-11-23T17:04:46","guid":{"rendered":"https:\/\/gs-am-tannenplatz.de\/?page_id=1212"},"modified":"2024-11-23T17:09:38","modified_gmt":"2024-11-23T17:09:38","slug":"bildung-und-teilhabe-stadt-ulm","status":"publish","type":"page","link":"https:\/\/gs-am-tannenplatz.de\/index.php\/bildung-und-teilhabe-stadt-ulm\/","title":{"rendered":"Bildung und Teilhabe Stadt Ulm"},"content":{"rendered":"\n<h3 class=\"wp-block-heading\"><a href=\"https:\/\/www.ulm.de\/leben-in-ulm\/kinder,-jugend,-familie\/jugendarbeit\/bildung-und-teilhabe\" data-type=\"link\" data-id=\"https:\/\/www.ulm.de\/leben-in-ulm\/kinder,-jugend,-familie\/jugendarbeit\/bildung-und-teilhabe\" target=\"_blank\" rel=\"noreferrer noopener\">Bildung und Teilhabe Stadt Ulm<\/a><\/h3>\n\n\n\n<p>Seit 2011 sind Kinder und Jugendliche aus Familien, die B\u00fcrgergeld, Sozialhilfe, Kinderzuschlag oder Wohngeld beziehen, berechtigt, Leistungen aus dem Bildungspaket zu bekommen.<\/p>\n\n\n\n<p><strong>Welche Leistungen gibt es?<\/strong><\/p>\n\n\n\n<ul class=\"wp-block-list\">\n<li>Mittagsverpflegung in Schule, Kita und Kindertagespflege<\/li>\n\n\n\n<li>Mitmachen in Kultur, Sport und Freizeit<\/li>\n\n\n\n<li>Ausfl\u00fcge und mehrt\u00e4gige Klassenfahrten in Schule oder Kita<\/li>\n\n\n\n<li>Angemessene Lernf\u00f6rderung zur Erreichung des Lernziels<\/li>\n\n\n\n<li>Ausstattung mit pers\u00f6nlichem Schulbedarf<\/li>\n\n\n\n<li>Erforderliche Fahrtkosten der Sch\u00fclerbef\u00f6rderung<\/li>\n<\/ul>\n\n\n\n<h3 class=\"wp-block-heading\"><a href=\"https:\/\/ulm-macht-schule.de\/\" data-type=\"link\" data-id=\"https:\/\/www.ulm.de\/leben-in-ulm\/kinder,-jugend,-familie\/jugendarbeit\/bildung-und-teilhabe\" target=\"_blank\" rel=\"noreferrer noopener\">Ulm macht Schule &#8211; Bildungswege in Ulm<\/a><\/h3>\n\n\n\n<p>In Ulm gibt es viele verschiedene M\u00f6glichkeiten f\u00fcr Bildung. Es gibt viele m\u00f6gliche Bildungs-Wege. Die Bildungsmappe &#8222;Ulm macht Schule&#8220; soll erkl\u00e4ren, welche M\u00f6glichkeiten es gibt. Besonders Kinder brauchen Hilfe bei der Auswahl des Bildungswegs. Eltern k\u00f6nnen in der Mappe nachlesen und ihre Kinder unterst\u00fctzen. Die Bildungsmappe &#8222;Ulm macht Schule&#8220; gibt es in neun verschiedenen Sprachen.<\/p>\n","protected":false},"excerpt":{"rendered":"<p>Bildung und Teilhabe Stadt Ulm Seit 2011 sind Kinder und Jugendliche aus Familien, die B\u00fcrgergeld, Sozialhilfe, Kinderzuschlag oder Wohngeld beziehen, berechtigt, Leistungen aus dem Bildungspaket&hellip;<\/p>\n","protected":false},"author":4,"featured_media":0,"parent":0,"menu_order":0,"comment_status":"closed","ping_status":"closed","template":"","meta":{"footnotes":""},"class_list":["post-1212","page","type-page","status-publish","hentry"],"_links":{"self":[{"href":"https:\/\/gs-am-tannenplatz.de\/index.php\/wp-json\/wp\/v2\/pages\/1212","targetHints":{"allow":["GET"]}}],"collection":[{"href":"https:\/\/gs-am-tannenplatz.de\/index.php\/wp-json\/wp\/v2\/pages"}],"about":[{"href":"https:\/\/gs-am-tannenplatz.de\/index.php\/wp-json\/wp\/v2\/types\/page"}],"author":[{"embeddable":true,"href":"https:\/\/gs-am-tannenplatz.de\/index.php\/wp-json\/wp\/v2\/users\/4"}],"replies":[{"embeddable":true,"href":"https:\/\/gs-am-tannenplatz.de\/index.php\/wp-json\/wp\/v2\/comments?post=1212"}],"version-history":[{"count":3,"href":"https:\/\/gs-am-tannenplatz.de\/index.php\/wp-json\/wp\/v2\/pages\/1212\/revisions"}],"predecessor-version":[{"id":1216,"href":"https:\/\/gs-am-tannenplatz.de\/index.php\/wp-json\/wp\/v2\/pages\/1212\/revisions\/1216"}],"wp:attachment":[{"href":"https:\/\/gs-am-tannenplatz.de\/index.php\/wp-json\/wp\/v2\/media?parent=1212"}],"curies":[{"name":"wp","href":"https:\/\/api.w.org\/{rel}","templated":true}]}}