{"id":1217,"date":"2024-11-23T17:11:32","date_gmt":"2024-11-23T17:11:32","guid":{"rendered":"https:\/\/gs-am-tannenplatz.de\/?page_id=1217"},"modified":"2024-12-11T13:02:35","modified_gmt":"2024-12-11T13:02:35","slug":"1217-2","status":"publish","type":"page","link":"https:\/\/gs-am-tannenplatz.de\/index.php\/1217-2\/","title":{"rendered":"Wir \u00fcber uns"},"content":{"rendered":"\n<p><strong>Die Grundschule am Tannenplatz<\/strong> <strong>mit der Au\u00dfenstelle Erenlauh<\/strong> <strong>und Schulkindbetreuung<\/strong> ist eine vierz\u00fcgige Grundschule im Ulmer Stadtteil Wiblingen. Es ist die gr\u00f6\u00dfte Grundschule der Stadt Ulm. An den beiden Standorten lernen ungef\u00e4hr 400 Sch\u00fclerinnen und Sch\u00fcler.<\/p>\n\n\n\n<p>Dort arbeitet ein engagiertes und vielseitiges Team, das den Sch\u00fcler*innen eine umfassende und individuell abgestimmte F\u00f6rderung bietet. Unser Team setzt sich aus Fachkr\u00e4ften mit unterschiedlichen Qualifikationen zusammen, die Hand in Hand arbeiten, um die bestm\u00f6gliche Bildungs- und Betreuungssituation f\u00fcr jedes Kind zu schaffen.<\/p>\n\n\n\n<figure class=\"wp-block-gallery has-nested-images columns-default is-cropped wp-block-gallery-1 is-layout-flex wp-block-gallery-is-layout-flex\">\n<figure data-wp-context=\"{&quot;imageId&quot;:&quot;6a0713a57b2f9&quot;}\" data-wp-interactive=\"core\/image\" data-wp-key=\"6a0713a57b2f9\" class=\"wp-block-image size-large wp-lightbox-container\"><img loading=\"lazy\" decoding=\"async\" width=\"2480\" height=\"1615\" data-wp-class--hide=\"state.isContentHidden\" data-wp-class--show=\"state.isContentVisible\" data-wp-init=\"callbacks.setButtonStyles\" data-wp-on--click=\"actions.showLightbox\" data-wp-on--load=\"callbacks.setButtonStyles\" data-wp-on-window--resize=\"callbacks.setButtonStyles\" data-id=\"944\" src=\"https:\/\/gs-am-tannenplatz.de\/wp-content\/uploads\/2024\/06\/2024-06-19-Grundschule-Tannenplatz-08-2480x1615.jpg\" alt=\"\" class=\"wp-image-944\" srcset=\"https:\/\/gs-am-tannenplatz.de\/wp-content\/uploads\/2024\/06\/2024-06-19-Grundschule-Tannenplatz-08-2480x1615.jpg 2480w, https:\/\/gs-am-tannenplatz.de\/wp-content\/uploads\/2024\/06\/2024-06-19-Grundschule-Tannenplatz-08-1024x667.jpg 1024w, https:\/\/gs-am-tannenplatz.de\/wp-content\/uploads\/2024\/06\/2024-06-19-Grundschule-Tannenplatz-08-768x500.jpg 768w, https:\/\/gs-am-tannenplatz.de\/wp-content\/uploads\/2024\/06\/2024-06-19-Grundschule-Tannenplatz-08-1536x1000.jpg 1536w, https:\/\/gs-am-tannenplatz.de\/wp-content\/uploads\/2024\/06\/2024-06-19-Grundschule-Tannenplatz-08-2048x1334.jpg 2048w\" sizes=\"auto, (max-width: 2480px) 100vw, 2480px\" \/><button\n\t\t\tclass=\"lightbox-trigger\"\n\t\t\ttype=\"button\"\n\t\t\taria-haspopup=\"dialog\"\n\t\t\taria-label=\"Vergr\u00f6\u00dfern\"\n\t\t\tdata-wp-init=\"callbacks.initTriggerButton\"\n\t\t\tdata-wp-on--click=\"actions.showLightbox\"\n\t\t\tdata-wp-style--right=\"state.imageButtonRight\"\n\t\t\tdata-wp-style--top=\"state.imageButtonTop\"\n\t\t>\n\t\t\t<svg xmlns=\"http:\/\/www.w3.org\/2000\/svg\" width=\"12\" height=\"12\" fill=\"none\" viewBox=\"0 0 12 12\">\n\t\t\t\t<path fill=\"#fff\" d=\"M2 0a2 2 0 0 0-2 2v2h1.5V2a.5.5 0 0 1 .5-.5h2V0H2Zm2 10.5H2a.5.5 0 0 1-.5-.5V8H0v2a2 2 0 0 0 2 2h2v-1.5ZM8 12v-1.5h2a.5.5 0 0 0 .5-.5V8H12v2a2 2 0 0 1-2 2H8Zm2-12a2 2 0 0 1 2 2v2h-1.5V2a.5.5 0 0 0-.5-.5H8V0h2Z\" \/>\n\t\t\t<\/svg>\n\t\t<\/button><figcaption class=\"wp-element-caption\">Grundschule am Tannenplatz<\/figcaption><\/figure>\n\n\n\n<figure data-wp-context=\"{&quot;imageId&quot;:&quot;6a0713a57b5e1&quot;}\" data-wp-interactive=\"core\/image\" data-wp-key=\"6a0713a57b5e1\" class=\"wp-block-image size-large wp-lightbox-container\"><img loading=\"lazy\" decoding=\"async\" width=\"2480\" height=\"1470\" data-wp-class--hide=\"state.isContentHidden\" data-wp-class--show=\"state.isContentVisible\" data-wp-init=\"callbacks.setButtonStyles\" data-wp-on--click=\"actions.showLightbox\" data-wp-on--load=\"callbacks.setButtonStyles\" data-wp-on-window--resize=\"callbacks.setButtonStyles\" data-id=\"942\" src=\"https:\/\/gs-am-tannenplatz.de\/wp-content\/uploads\/2024\/06\/2024-05-13-Grundschule-Erenlauh-02-2480x1470.jpg\" alt=\"\" class=\"wp-image-942\" srcset=\"https:\/\/gs-am-tannenplatz.de\/wp-content\/uploads\/2024\/06\/2024-05-13-Grundschule-Erenlauh-02-2480x1470.jpg 2480w, https:\/\/gs-am-tannenplatz.de\/wp-content\/uploads\/2024\/06\/2024-05-13-Grundschule-Erenlauh-02-1024x607.jpg 1024w, https:\/\/gs-am-tannenplatz.de\/wp-content\/uploads\/2024\/06\/2024-05-13-Grundschule-Erenlauh-02-768x455.jpg 768w, https:\/\/gs-am-tannenplatz.de\/wp-content\/uploads\/2024\/06\/2024-05-13-Grundschule-Erenlauh-02-1536x910.jpg 1536w, https:\/\/gs-am-tannenplatz.de\/wp-content\/uploads\/2024\/06\/2024-05-13-Grundschule-Erenlauh-02-2048x1214.jpg 2048w\" sizes=\"auto, (max-width: 2480px) 100vw, 2480px\" \/><button\n\t\t\tclass=\"lightbox-trigger\"\n\t\t\ttype=\"button\"\n\t\t\taria-haspopup=\"dialog\"\n\t\t\taria-label=\"Vergr\u00f6\u00dfern\"\n\t\t\tdata-wp-init=\"callbacks.initTriggerButton\"\n\t\t\tdata-wp-on--click=\"actions.showLightbox\"\n\t\t\tdata-wp-style--right=\"state.imageButtonRight\"\n\t\t\tdata-wp-style--top=\"state.imageButtonTop\"\n\t\t>\n\t\t\t<svg xmlns=\"http:\/\/www.w3.org\/2000\/svg\" width=\"12\" height=\"12\" fill=\"none\" viewBox=\"0 0 12 12\">\n\t\t\t\t<path fill=\"#fff\" d=\"M2 0a2 2 0 0 0-2 2v2h1.5V2a.5.5 0 0 1 .5-.5h2V0H2Zm2 10.5H2a.5.5 0 0 1-.5-.5V8H0v2a2 2 0 0 0 2 2h2v-1.5ZM8 12v-1.5h2a.5.5 0 0 0 .5-.5V8H12v2a2 2 0 0 1-2 2H8Zm2-12a2 2 0 0 1 2 2v2h-1.5V2a.5.5 0 0 0-.5-.5H8V0h2Z\" \/>\n\t\t\t<\/svg>\n\t\t<\/button><figcaption class=\"wp-element-caption\">Au\u00dfenstelle Erenlauh<\/figcaption><\/figure>\n<\/figure>\n\n\n\n<p><strong>Lehrkr\u00e4fte: <\/strong>An unserer Grundschule unterrichten qualifizierte und erfahrene Lehrkr\u00e4fte, die f\u00fcr die F\u00e4cher Deutsch, Mathematik, Sachunterricht, Kunst, Musik und Sport verantwortlich sind. Sie arbeiten eng zusammen, um den Unterricht abwechslungsreich, lebensweltorientiert und praxisnah zu gestalten und auf die unterschiedlichen Bed\u00fcrfnisse der Kinder einzugehen. Hierf\u00fcr arbeiten die Lehrkr\u00e4fte und die Schulkindbetreuer*innen zusammen und sprechen sich in festen und regelm\u00e4\u00dfigen Stufenteams ab.<\/p>\n\n\n\n<p><strong>Schulleitung: <\/strong>Die Schulleitung der Grundschule am Tannenplatz nimmt eine zentrale Rolle in der Organisation und Weiterentwicklung der Schule ein. Sie sorgt f\u00fcr eine klare Kommunikation und ist eine wichtige Ansprechpartnerin f\u00fcr Lehrkr\u00e4fte, Eltern und Sch\u00fcler*innen. Die Schulleitung f\u00f6rdert die Zusammenarbeit im multiprofessionellen Team und setzt gemeinsam mit dem Kollegium schulische Konzepte um, insbesondere in den Bereichen soziales Miteinander, Inklusion und Ganztagsbetrieb. Mit ihrer offenen Haltung und durch enge Kooperation mit schulischen und au\u00dferschulischen Partnern sorgt sie f\u00fcr ein respektvolles Miteinander und tr\u00e4gt dazu bei, dass unsere Schule ein Ort des Lernens und des Wachstums bleibt.<\/p>\n\n\n\n<p><strong><a href=\"https:\/\/gs-am-tannenplatz.de\/index.php\/schulkindbetreuung\/\" data-type=\"page\" data-id=\"1131\">Schulkindbetreuung<\/a>: <\/strong>Die Schulkindbetreuung der Stadt Ulm basiert auf einem offenen Konzept. Der ganzheitliche Blick steht dabei im Vordergrund, sodass sich jedes Kind an der Schule wohlf\u00fchlen kann. Die Kinder erleben vielf\u00e4ltige Anregungen, die sie in ihrer Entwicklung unterst\u00fctzen und ihren Horizont erweitern sollen. Begleitet und betreut werden die Kinder von p\u00e4dagogisch geschulten Mitarbeiter*innen. Sie sind f\u00fcr die Kinder da und erm\u00f6glichen individuelle themen- und altersbezogene Angebote, wie kreative Aktivit\u00e4ten, Sport und Soziales Lernen. Auch w\u00e4hrend des Unterrichts unterst\u00fctzen die Mitarbeiter*innen die Kinder und begleiten sie bei ihren allt\u00e4glichen Aufgaben. Die Schulkindbetreuung ist fester Bestandteil des multiprofessionellen Teams und kooperiert eng und vertrauensvoll mit Vertreter*innen der Schule zusammen. Auch auf eine gute Zusammenarbeit mit den Eltern wird besonderer Wert gelegt.<\/p>\n\n\n\n<p><strong>Sekretariat und Verwaltung: <\/strong>Das Sekretariat sorgt f\u00fcr einen reibungslosen organisatorischen Ablauf des Schulbetriebs. Es k\u00fcmmert sich um Anmeldungen, Abwesenheiten, Elternkontakte und administrative Aufgaben, damit sich die Lehrkr\u00e4fte voll und ganz auf die Betreuung und den Unterricht konzentrieren k\u00f6nnen.<\/p>\n\n\n\n<figure class=\"wp-block-gallery has-nested-images columns-default is-cropped wp-block-gallery-2 is-layout-flex wp-block-gallery-is-layout-flex\">\n<figure data-wp-context=\"{&quot;imageId&quot;:&quot;6a0713a57bd1c&quot;}\" data-wp-interactive=\"core\/image\" data-wp-key=\"6a0713a57bd1c\" class=\"wp-block-image size-full wp-lightbox-container\"><img loading=\"lazy\" decoding=\"async\" width=\"1200\" height=\"800\" data-wp-class--hide=\"state.isContentHidden\" data-wp-class--show=\"state.isContentVisible\" data-wp-init=\"callbacks.setButtonStyles\" data-wp-on--click=\"actions.showLightbox\" data-wp-on--load=\"callbacks.setButtonStyles\" data-wp-on-window--resize=\"callbacks.setButtonStyles\" data-id=\"946\" src=\"https:\/\/gs-am-tannenplatz.de\/wp-content\/uploads\/2024\/06\/2024-06-19-Grundschule-Tannenplatz-01.jpg\" alt=\"\" class=\"wp-image-946\" srcset=\"https:\/\/gs-am-tannenplatz.de\/wp-content\/uploads\/2024\/06\/2024-06-19-Grundschule-Tannenplatz-01.jpg 1200w, https:\/\/gs-am-tannenplatz.de\/wp-content\/uploads\/2024\/06\/2024-06-19-Grundschule-Tannenplatz-01-1024x683.jpg 1024w, https:\/\/gs-am-tannenplatz.de\/wp-content\/uploads\/2024\/06\/2024-06-19-Grundschule-Tannenplatz-01-768x512.jpg 768w\" sizes=\"auto, (max-width: 1200px) 100vw, 1200px\" \/><button\n\t\t\tclass=\"lightbox-trigger\"\n\t\t\ttype=\"button\"\n\t\t\taria-haspopup=\"dialog\"\n\t\t\taria-label=\"Vergr\u00f6\u00dfern\"\n\t\t\tdata-wp-init=\"callbacks.initTriggerButton\"\n\t\t\tdata-wp-on--click=\"actions.showLightbox\"\n\t\t\tdata-wp-style--right=\"state.imageButtonRight\"\n\t\t\tdata-wp-style--top=\"state.imageButtonTop\"\n\t\t>\n\t\t\t<svg xmlns=\"http:\/\/www.w3.org\/2000\/svg\" width=\"12\" height=\"12\" fill=\"none\" viewBox=\"0 0 12 12\">\n\t\t\t\t<path fill=\"#fff\" d=\"M2 0a2 2 0 0 0-2 2v2h1.5V2a.5.5 0 0 1 .5-.5h2V0H2Zm2 10.5H2a.5.5 0 0 1-.5-.5V8H0v2a2 2 0 0 0 2 2h2v-1.5ZM8 12v-1.5h2a.5.5 0 0 0 .5-.5V8H12v2a2 2 0 0 1-2 2H8Zm2-12a2 2 0 0 1 2 2v2h-1.5V2a.5.5 0 0 0-.5-.5H8V0h2Z\" \/>\n\t\t\t<\/svg>\n\t\t<\/button><figcaption class=\"wp-element-caption\">Grundschule am Tannenplatz<\/figcaption><\/figure>\n\n\n\n<figure data-wp-context=\"{&quot;imageId&quot;:&quot;6a0713a57bf75&quot;}\" data-wp-interactive=\"core\/image\" data-wp-key=\"6a0713a57bf75\" class=\"wp-block-image size-large wp-lightbox-container\"><img loading=\"lazy\" decoding=\"async\" width=\"2480\" height=\"1652\" data-wp-class--hide=\"state.isContentHidden\" data-wp-class--show=\"state.isContentVisible\" data-wp-init=\"callbacks.setButtonStyles\" data-wp-on--click=\"actions.showLightbox\" data-wp-on--load=\"callbacks.setButtonStyles\" data-wp-on-window--resize=\"callbacks.setButtonStyles\" data-id=\"893\" src=\"https:\/\/gs-am-tannenplatz.de\/wp-content\/uploads\/2024\/05\/2024-05-13-Grundschule-Erenlauh-05-2480x1652.jpg\" alt=\"\" class=\"wp-image-893\" srcset=\"https:\/\/gs-am-tannenplatz.de\/wp-content\/uploads\/2024\/05\/2024-05-13-Grundschule-Erenlauh-05-2480x1652.jpg 2480w, https:\/\/gs-am-tannenplatz.de\/wp-content\/uploads\/2024\/05\/2024-05-13-Grundschule-Erenlauh-05-1024x682.jpg 1024w, https:\/\/gs-am-tannenplatz.de\/wp-content\/uploads\/2024\/05\/2024-05-13-Grundschule-Erenlauh-05-768x512.jpg 768w, https:\/\/gs-am-tannenplatz.de\/wp-content\/uploads\/2024\/05\/2024-05-13-Grundschule-Erenlauh-05-1536x1023.jpg 1536w, https:\/\/gs-am-tannenplatz.de\/wp-content\/uploads\/2024\/05\/2024-05-13-Grundschule-Erenlauh-05-2048x1364.jpg 2048w\" sizes=\"auto, (max-width: 2480px) 100vw, 2480px\" \/><button\n\t\t\tclass=\"lightbox-trigger\"\n\t\t\ttype=\"button\"\n\t\t\taria-haspopup=\"dialog\"\n\t\t\taria-label=\"Vergr\u00f6\u00dfern\"\n\t\t\tdata-wp-init=\"callbacks.initTriggerButton\"\n\t\t\tdata-wp-on--click=\"actions.showLightbox\"\n\t\t\tdata-wp-style--right=\"state.imageButtonRight\"\n\t\t\tdata-wp-style--top=\"state.imageButtonTop\"\n\t\t>\n\t\t\t<svg xmlns=\"http:\/\/www.w3.org\/2000\/svg\" width=\"12\" height=\"12\" fill=\"none\" viewBox=\"0 0 12 12\">\n\t\t\t\t<path fill=\"#fff\" d=\"M2 0a2 2 0 0 0-2 2v2h1.5V2a.5.5 0 0 1 .5-.5h2V0H2Zm2 10.5H2a.5.5 0 0 1-.5-.5V8H0v2a2 2 0 0 0 2 2h2v-1.5ZM8 12v-1.5h2a.5.5 0 0 0 .5-.5V8H12v2a2 2 0 0 1-2 2H8Zm2-12a2 2 0 0 1 2 2v2h-1.5V2a.5.5 0 0 0-.5-.5H8V0h2Z\" \/>\n\t\t\t<\/svg>\n\t\t<\/button><figcaption class=\"wp-element-caption\">Au\u00dfenstelle Erenlauh<\/figcaption><\/figure>\n<\/figure>\n\n\n\n<p><strong><a href=\"https:\/\/gs-am-tannenplatz.de\/index.php\/schulsozialarbeit\/\" data-type=\"page\" data-id=\"280\">Schulsozialarbeit<\/a>: <\/strong>Unsere Schulsozialarbeiterinnen sind Ansprechpartner f\u00fcr Kinder, Eltern und Lehrkr\u00e4fte in sozialen und emotionalen Belangen. Sie helfen dabei, Konflikte zu l\u00f6sen, unterst\u00fctzen die soziale Integration und begleiten die Kinder auf ihrem Weg zu einer selbstbewussten und verantwortungsbewussten Pers\u00f6nlichkeit.<\/p>\n\n\n\n<p><strong>Sonderschulp\u00e4dagoginnen und -p\u00e4dagogen: <\/strong>An unserer Schule spielen die Sonderp\u00e4dagog*innen eine entscheidende Rolle bei der inklusiven Beschulung von Kindern mit besonderem F\u00f6rderbedarf. Sie arbeiten eng mit den Lehrkr\u00e4ften zusammen, um individuelle F\u00f6rderpl\u00e4ne zu erstellen und spezifische Unterst\u00fctzungsma\u00dfnahmen umzusetzen. Sie ber\u00fccksichtigen dabei sowohl die sozialen und emotionalen als auch die kognitiven Bed\u00fcrfnisse der Kinder. Unser Ziel ist es, Barrieren im Lernen abzubauen und die Inklusion in allen Bereichen des schulischen Alltags zu st\u00e4rken.<\/p>\n\n\n\n<p><strong>P\u00e4dagogische Assistent*innen: <\/strong>Zus\u00e4tzlich zu den Lehrkr\u00e4ften unterst\u00fctzt unser p\u00e4dagogisches Team die Kinder in verschiedenen Bereichen. Dazu geh\u00f6ren p\u00e4dagogische Fachkr\u00e4fte, die im Unterricht, in der Sprachf\u00f6rderung oder in der Integration von Kindern mit besonderen Bed\u00fcrfnissen t\u00e4tig sind. Sie sorgen f\u00fcr eine individuelle F\u00f6rderung und begleiten die Kinder in ihrer pers\u00f6nlichen und sozialen Entwicklung.<\/p>\n\n\n\n<figure class=\"wp-block-gallery has-nested-images columns-default is-cropped wp-block-gallery-3 is-layout-flex wp-block-gallery-is-layout-flex\">\n<figure data-wp-context=\"{&quot;imageId&quot;:&quot;6a0713a57c273&quot;}\" data-wp-interactive=\"core\/image\" data-wp-key=\"6a0713a57c273\" class=\"wp-block-image size-large wp-lightbox-container\"><img loading=\"lazy\" decoding=\"async\" width=\"2480\" height=\"1591\" data-wp-class--hide=\"state.isContentHidden\" data-wp-class--show=\"state.isContentVisible\" data-wp-init=\"callbacks.setButtonStyles\" data-wp-on--click=\"actions.showLightbox\" data-wp-on--load=\"callbacks.setButtonStyles\" data-wp-on-window--resize=\"callbacks.setButtonStyles\" data-id=\"947\" src=\"https:\/\/gs-am-tannenplatz.de\/wp-content\/uploads\/2024\/06\/2024-06-19-Grundschule-Tannenplatz-04-2480x1591.jpg\" alt=\"\" class=\"wp-image-947\" srcset=\"https:\/\/gs-am-tannenplatz.de\/wp-content\/uploads\/2024\/06\/2024-06-19-Grundschule-Tannenplatz-04-2480x1591.jpg 2480w, https:\/\/gs-am-tannenplatz.de\/wp-content\/uploads\/2024\/06\/2024-06-19-Grundschule-Tannenplatz-04-1024x657.jpg 1024w, https:\/\/gs-am-tannenplatz.de\/wp-content\/uploads\/2024\/06\/2024-06-19-Grundschule-Tannenplatz-04-768x493.jpg 768w, https:\/\/gs-am-tannenplatz.de\/wp-content\/uploads\/2024\/06\/2024-06-19-Grundschule-Tannenplatz-04-1536x986.jpg 1536w, https:\/\/gs-am-tannenplatz.de\/wp-content\/uploads\/2024\/06\/2024-06-19-Grundschule-Tannenplatz-04-2048x1314.jpg 2048w\" sizes=\"auto, (max-width: 2480px) 100vw, 2480px\" \/><button\n\t\t\tclass=\"lightbox-trigger\"\n\t\t\ttype=\"button\"\n\t\t\taria-haspopup=\"dialog\"\n\t\t\taria-label=\"Vergr\u00f6\u00dfern\"\n\t\t\tdata-wp-init=\"callbacks.initTriggerButton\"\n\t\t\tdata-wp-on--click=\"actions.showLightbox\"\n\t\t\tdata-wp-style--right=\"state.imageButtonRight\"\n\t\t\tdata-wp-style--top=\"state.imageButtonTop\"\n\t\t>\n\t\t\t<svg xmlns=\"http:\/\/www.w3.org\/2000\/svg\" width=\"12\" height=\"12\" fill=\"none\" viewBox=\"0 0 12 12\">\n\t\t\t\t<path fill=\"#fff\" d=\"M2 0a2 2 0 0 0-2 2v2h1.5V2a.5.5 0 0 1 .5-.5h2V0H2Zm2 10.5H2a.5.5 0 0 1-.5-.5V8H0v2a2 2 0 0 0 2 2h2v-1.5ZM8 12v-1.5h2a.5.5 0 0 0 .5-.5V8H12v2a2 2 0 0 1-2 2H8Zm2-12a2 2 0 0 1 2 2v2h-1.5V2a.5.5 0 0 0-.5-.5H8V0h2Z\" \/>\n\t\t\t<\/svg>\n\t\t<\/button><figcaption class=\"wp-element-caption\">Grundschule am Tannenplatz<\/figcaption><\/figure>\n\n\n\n<figure data-wp-context=\"{&quot;imageId&quot;:&quot;6a0713a57c4f8&quot;}\" data-wp-interactive=\"core\/image\" data-wp-key=\"6a0713a57c4f8\" class=\"wp-block-image size-large wp-lightbox-container\"><img loading=\"lazy\" decoding=\"async\" width=\"2480\" height=\"1458\" data-wp-class--hide=\"state.isContentHidden\" data-wp-class--show=\"state.isContentVisible\" data-wp-init=\"callbacks.setButtonStyles\" data-wp-on--click=\"actions.showLightbox\" data-wp-on--load=\"callbacks.setButtonStyles\" data-wp-on-window--resize=\"callbacks.setButtonStyles\" data-id=\"1221\" src=\"https:\/\/gs-am-tannenplatz.de\/wp-content\/uploads\/2024\/11\/2024-06-19-Grundschule-Tannenplatz-03_bearb-2480x1458.jpg\" alt=\"\" class=\"wp-image-1221\" srcset=\"https:\/\/gs-am-tannenplatz.de\/wp-content\/uploads\/2024\/11\/2024-06-19-Grundschule-Tannenplatz-03_bearb-2480x1458.jpg 2480w, https:\/\/gs-am-tannenplatz.de\/wp-content\/uploads\/2024\/11\/2024-06-19-Grundschule-Tannenplatz-03_bearb-1024x602.jpg 1024w, https:\/\/gs-am-tannenplatz.de\/wp-content\/uploads\/2024\/11\/2024-06-19-Grundschule-Tannenplatz-03_bearb-768x451.jpg 768w, https:\/\/gs-am-tannenplatz.de\/wp-content\/uploads\/2024\/11\/2024-06-19-Grundschule-Tannenplatz-03_bearb-1536x903.jpg 1536w, https:\/\/gs-am-tannenplatz.de\/wp-content\/uploads\/2024\/11\/2024-06-19-Grundschule-Tannenplatz-03_bearb-2048x1204.jpg 2048w\" sizes=\"auto, (max-width: 2480px) 100vw, 2480px\" \/><button\n\t\t\tclass=\"lightbox-trigger\"\n\t\t\ttype=\"button\"\n\t\t\taria-haspopup=\"dialog\"\n\t\t\taria-label=\"Vergr\u00f6\u00dfern\"\n\t\t\tdata-wp-init=\"callbacks.initTriggerButton\"\n\t\t\tdata-wp-on--click=\"actions.showLightbox\"\n\t\t\tdata-wp-style--right=\"state.imageButtonRight\"\n\t\t\tdata-wp-style--top=\"state.imageButtonTop\"\n\t\t>\n\t\t\t<svg xmlns=\"http:\/\/www.w3.org\/2000\/svg\" width=\"12\" height=\"12\" fill=\"none\" viewBox=\"0 0 12 12\">\n\t\t\t\t<path fill=\"#fff\" d=\"M2 0a2 2 0 0 0-2 2v2h1.5V2a.5.5 0 0 1 .5-.5h2V0H2Zm2 10.5H2a.5.5 0 0 1-.5-.5V8H0v2a2 2 0 0 0 2 2h2v-1.5ZM8 12v-1.5h2a.5.5 0 0 0 .5-.5V8H12v2a2 2 0 0 1-2 2H8Zm2-12a2 2 0 0 1 2 2v2h-1.5V2a.5.5 0 0 0-.5-.5H8V0h2Z\" \/>\n\t\t\t<\/svg>\n\t\t<\/button><figcaption class=\"wp-element-caption\">Grundschule am Tannenplatz<\/figcaption><\/figure>\n<\/figure>\n\n\n\n<figure class=\"wp-block-gallery has-nested-images columns-default is-cropped wp-block-gallery-4 is-layout-flex wp-block-gallery-is-layout-flex\">\n<figure data-wp-context=\"{&quot;imageId&quot;:&quot;6a0713a57c7a4&quot;}\" data-wp-interactive=\"core\/image\" data-wp-key=\"6a0713a57c7a4\" class=\"wp-block-image size-large wp-lightbox-container\"><img loading=\"lazy\" decoding=\"async\" width=\"2480\" height=\"1652\" data-wp-class--hide=\"state.isContentHidden\" data-wp-class--show=\"state.isContentVisible\" data-wp-init=\"callbacks.setButtonStyles\" data-wp-on--click=\"actions.showLightbox\" data-wp-on--load=\"callbacks.setButtonStyles\" data-wp-on-window--resize=\"callbacks.setButtonStyles\" data-id=\"894\" src=\"https:\/\/gs-am-tannenplatz.de\/wp-content\/uploads\/2024\/05\/2024-05-13-Grundschule-Erenlauh-04-2480x1652.jpg\" alt=\"\" class=\"wp-image-894\" srcset=\"https:\/\/gs-am-tannenplatz.de\/wp-content\/uploads\/2024\/05\/2024-05-13-Grundschule-Erenlauh-04-2480x1652.jpg 2480w, https:\/\/gs-am-tannenplatz.de\/wp-content\/uploads\/2024\/05\/2024-05-13-Grundschule-Erenlauh-04-1024x682.jpg 1024w, https:\/\/gs-am-tannenplatz.de\/wp-content\/uploads\/2024\/05\/2024-05-13-Grundschule-Erenlauh-04-768x512.jpg 768w, https:\/\/gs-am-tannenplatz.de\/wp-content\/uploads\/2024\/05\/2024-05-13-Grundschule-Erenlauh-04-1536x1023.jpg 1536w, https:\/\/gs-am-tannenplatz.de\/wp-content\/uploads\/2024\/05\/2024-05-13-Grundschule-Erenlauh-04-2048x1365.jpg 2048w\" sizes=\"auto, (max-width: 2480px) 100vw, 2480px\" \/><button\n\t\t\tclass=\"lightbox-trigger\"\n\t\t\ttype=\"button\"\n\t\t\taria-haspopup=\"dialog\"\n\t\t\taria-label=\"Vergr\u00f6\u00dfern\"\n\t\t\tdata-wp-init=\"callbacks.initTriggerButton\"\n\t\t\tdata-wp-on--click=\"actions.showLightbox\"\n\t\t\tdata-wp-style--right=\"state.imageButtonRight\"\n\t\t\tdata-wp-style--top=\"state.imageButtonTop\"\n\t\t>\n\t\t\t<svg xmlns=\"http:\/\/www.w3.org\/2000\/svg\" width=\"12\" height=\"12\" fill=\"none\" viewBox=\"0 0 12 12\">\n\t\t\t\t<path fill=\"#fff\" d=\"M2 0a2 2 0 0 0-2 2v2h1.5V2a.5.5 0 0 1 .5-.5h2V0H2Zm2 10.5H2a.5.5 0 0 1-.5-.5V8H0v2a2 2 0 0 0 2 2h2v-1.5ZM8 12v-1.5h2a.5.5 0 0 0 .5-.5V8H12v2a2 2 0 0 1-2 2H8Zm2-12a2 2 0 0 1 2 2v2h-1.5V2a.5.5 0 0 0-.5-.5H8V0h2Z\" \/>\n\t\t\t<\/svg>\n\t\t<\/button><figcaption class=\"wp-element-caption\">Au\u00dfenstelle Erenlauh<\/figcaption><\/figure>\n\n\n\n<figure data-wp-context=\"{&quot;imageId&quot;:&quot;6a0713a57c9ab&quot;}\" data-wp-interactive=\"core\/image\" data-wp-key=\"6a0713a57c9ab\" class=\"wp-block-image size-large wp-lightbox-container\"><img loading=\"lazy\" decoding=\"async\" width=\"2480\" height=\"1652\" data-wp-class--hide=\"state.isContentHidden\" data-wp-class--show=\"state.isContentVisible\" data-wp-init=\"callbacks.setButtonStyles\" data-wp-on--click=\"actions.showLightbox\" data-wp-on--load=\"callbacks.setButtonStyles\" data-wp-on-window--resize=\"callbacks.setButtonStyles\" data-id=\"892\" src=\"https:\/\/gs-am-tannenplatz.de\/wp-content\/uploads\/2024\/05\/2024-05-13-Grundschule-Erenlauh-03-2480x1652.jpg\" alt=\"\" class=\"wp-image-892\" srcset=\"https:\/\/gs-am-tannenplatz.de\/wp-content\/uploads\/2024\/05\/2024-05-13-Grundschule-Erenlauh-03-2480x1652.jpg 2480w, https:\/\/gs-am-tannenplatz.de\/wp-content\/uploads\/2024\/05\/2024-05-13-Grundschule-Erenlauh-03-1024x682.jpg 1024w, https:\/\/gs-am-tannenplatz.de\/wp-content\/uploads\/2024\/05\/2024-05-13-Grundschule-Erenlauh-03-768x512.jpg 768w, https:\/\/gs-am-tannenplatz.de\/wp-content\/uploads\/2024\/05\/2024-05-13-Grundschule-Erenlauh-03-1536x1023.jpg 1536w, https:\/\/gs-am-tannenplatz.de\/wp-content\/uploads\/2024\/05\/2024-05-13-Grundschule-Erenlauh-03-2048x1365.jpg 2048w\" sizes=\"auto, (max-width: 2480px) 100vw, 2480px\" \/><button\n\t\t\tclass=\"lightbox-trigger\"\n\t\t\ttype=\"button\"\n\t\t\taria-haspopup=\"dialog\"\n\t\t\taria-label=\"Vergr\u00f6\u00dfern\"\n\t\t\tdata-wp-init=\"callbacks.initTriggerButton\"\n\t\t\tdata-wp-on--click=\"actions.showLightbox\"\n\t\t\tdata-wp-style--right=\"state.imageButtonRight\"\n\t\t\tdata-wp-style--top=\"state.imageButtonTop\"\n\t\t>\n\t\t\t<svg xmlns=\"http:\/\/www.w3.org\/2000\/svg\" width=\"12\" height=\"12\" fill=\"none\" viewBox=\"0 0 12 12\">\n\t\t\t\t<path fill=\"#fff\" d=\"M2 0a2 2 0 0 0-2 2v2h1.5V2a.5.5 0 0 1 .5-.5h2V0H2Zm2 10.5H2a.5.5 0 0 1-.5-.5V8H0v2a2 2 0 0 0 2 2h2v-1.5ZM8 12v-1.5h2a.5.5 0 0 0 .5-.5V8H12v2a2 2 0 0 1-2 2H8Zm2-12a2 2 0 0 1 2 2v2h-1.5V2a.5.5 0 0 0-.5-.5H8V0h2Z\" \/>\n\t\t\t<\/svg>\n\t\t<\/button><figcaption class=\"wp-element-caption\">Au\u00dfenstelle Erenlauh<\/figcaption><\/figure>\n<\/figure>\n\n\n\n<figure data-wp-context=\"{&quot;imageId&quot;:&quot;6a0713a57ccbc&quot;}\" data-wp-interactive=\"core\/image\" data-wp-key=\"6a0713a57ccbc\" class=\"wp-block-image size-large wp-lightbox-container\"><img loading=\"lazy\" decoding=\"async\" width=\"2480\" height=\"1248\" data-wp-class--hide=\"state.isContentHidden\" data-wp-class--show=\"state.isContentVisible\" data-wp-init=\"callbacks.setButtonStyles\" data-wp-on--click=\"actions.showLightbox\" data-wp-on--load=\"callbacks.setButtonStyles\" data-wp-on-window--resize=\"callbacks.setButtonStyles\" src=\"https:\/\/gs-am-tannenplatz.de\/wp-content\/uploads\/2024\/04\/Erenlauh_22_23-2480x1248.jpg\" alt=\"\" class=\"wp-image-823\" srcset=\"https:\/\/gs-am-tannenplatz.de\/wp-content\/uploads\/2024\/04\/Erenlauh_22_23-2480x1248.jpg 2480w, https:\/\/gs-am-tannenplatz.de\/wp-content\/uploads\/2024\/04\/Erenlauh_22_23-1024x515.jpg 1024w, https:\/\/gs-am-tannenplatz.de\/wp-content\/uploads\/2024\/04\/Erenlauh_22_23-768x387.jpg 768w, https:\/\/gs-am-tannenplatz.de\/wp-content\/uploads\/2024\/04\/Erenlauh_22_23-1536x773.jpg 1536w, https:\/\/gs-am-tannenplatz.de\/wp-content\/uploads\/2024\/04\/Erenlauh_22_23-2048x1031.jpg 2048w\" sizes=\"auto, (max-width: 2480px) 100vw, 2480px\" \/><button\n\t\t\tclass=\"lightbox-trigger\"\n\t\t\ttype=\"button\"\n\t\t\taria-haspopup=\"dialog\"\n\t\t\taria-label=\"Vergr\u00f6\u00dfern\"\n\t\t\tdata-wp-init=\"callbacks.initTriggerButton\"\n\t\t\tdata-wp-on--click=\"actions.showLightbox\"\n\t\t\tdata-wp-style--right=\"state.imageButtonRight\"\n\t\t\tdata-wp-style--top=\"state.imageButtonTop\"\n\t\t>\n\t\t\t<svg xmlns=\"http:\/\/www.w3.org\/2000\/svg\" width=\"12\" height=\"12\" fill=\"none\" viewBox=\"0 0 12 12\">\n\t\t\t\t<path fill=\"#fff\" d=\"M2 0a2 2 0 0 0-2 2v2h1.5V2a.5.5 0 0 1 .5-.5h2V0H2Zm2 10.5H2a.5.5 0 0 1-.5-.5V8H0v2a2 2 0 0 0 2 2h2v-1.5ZM8 12v-1.5h2a.5.5 0 0 0 .5-.5V8H12v2a2 2 0 0 1-2 2H8Zm2-12a2 2 0 0 1 2 2v2h-1.5V2a.5.5 0 0 0-.5-.5H8V0h2Z\" \/>\n\t\t\t<\/svg>\n\t\t<\/button><figcaption class=\"wp-element-caption\">Au\u00dfenstelle Erenlauh Schuljahr 2022\/23<\/figcaption><\/figure>\n\n\n\n<p><\/p>\n","protected":false},"excerpt":{"rendered":"<p>Die Grundschule am Tannenplatz mit der Au\u00dfenstelle Erenlauh und Schulkindbetreuung ist eine vierz\u00fcgige Grundschule im Ulmer Stadtteil Wiblingen. Es ist die gr\u00f6\u00dfte Grundschule der Stadt&hellip;<\/p>\n","protected":false},"author":4,"featured_media":0,"parent":0,"menu_order":0,"comment_status":"closed","ping_status":"closed","template":"","meta":{"footnotes":""},"class_list":["post-1217","page","type-page","status-publish","hentry"],"_links":{"self":[{"href":"https:\/\/gs-am-tannenplatz.de\/index.php\/wp-json\/wp\/v2\/pages\/1217","targetHints":{"allow":["GET"]}}],"collection":[{"href":"https:\/\/gs-am-tannenplatz.de\/index.php\/wp-json\/wp\/v2\/pages"}],"about":[{"href":"https:\/\/gs-am-tannenplatz.de\/index.php\/wp-json\/wp\/v2\/types\/page"}],"author":[{"embeddable":true,"href":"https:\/\/gs-am-tannenplatz.de\/index.php\/wp-json\/wp\/v2\/users\/4"}],"replies":[{"embeddable":true,"href":"https:\/\/gs-am-tannenplatz.de\/index.php\/wp-json\/wp\/v2\/comments?post=1217"}],"version-history":[{"count":10,"href":"https:\/\/gs-am-tannenplatz.de\/index.php\/wp-json\/wp\/v2\/pages\/1217\/revisions"}],"predecessor-version":[{"id":1302,"href":"https:\/\/gs-am-tannenplatz.de\/index.php\/wp-json\/wp\/v2\/pages\/1217\/revisions\/1302"}],"wp:attachment":[{"href":"https:\/\/gs-am-tannenplatz.de\/index.php\/wp-json\/wp\/v2\/media?parent=1217"}],"curies":[{"name":"wp","href":"https:\/\/api.w.org\/{rel}","templated":true}]}}