{"id":175,"date":"2023-04-13T11:00:06","date_gmt":"2023-04-13T11:00:06","guid":{"rendered":"https:\/\/gs-am-tannenplatz.de\/?page_id=175"},"modified":"2026-04-26T18:51:51","modified_gmt":"2026-04-26T18:51:51","slug":"mensa","status":"publish","type":"page","link":"https:\/\/gs-am-tannenplatz.de\/index.php\/mensa\/","title":{"rendered":"Speiseplan Tannenplatz"},"content":{"rendered":"\n<p>Speisepl\u00e4ne f\u00fcr die kommenden Wochen. Ein <strong>leerer Plan<\/strong> bedeutet, dass die Mensa ihre Men\u00fcs anhand der eigenen Vorr\u00e4te selbst ausw\u00e4hlt. Es gibt an den Tagen trotzdem Mittagessen, jedoch ohne Vorabinformation \u00fcber die Men\u00fcs. Informationen \u00fcber Zusatzstoffe und Allergene finden Sie am Ende der Seite.<\/p>\n\n\n\n<p><\/p>\n\n\n\n<figure class=\"wp-block-image size-full\"><img loading=\"lazy\" decoding=\"async\" width=\"2339\" height=\"1654\" src=\"https:\/\/gs-am-tannenplatz.de\/wp-content\/uploads\/2026\/04\/KW-18-Speiseplan.jpg\" alt=\"\" class=\"wp-image-2186\" srcset=\"https:\/\/gs-am-tannenplatz.de\/wp-content\/uploads\/2026\/04\/KW-18-Speiseplan.jpg 2339w, https:\/\/gs-am-tannenplatz.de\/wp-content\/uploads\/2026\/04\/KW-18-Speiseplan-1024x724.jpg 1024w, https:\/\/gs-am-tannenplatz.de\/wp-content\/uploads\/2026\/04\/KW-18-Speiseplan-768x543.jpg 768w, https:\/\/gs-am-tannenplatz.de\/wp-content\/uploads\/2026\/04\/KW-18-Speiseplan-1536x1086.jpg 1536w, https:\/\/gs-am-tannenplatz.de\/wp-content\/uploads\/2026\/04\/KW-18-Speiseplan-2048x1448.jpg 2048w\" sizes=\"auto, (max-width: 2339px) 100vw, 2339px\" \/><\/figure>\n\n\n\n<figure class=\"wp-block-image size-full\"><img loading=\"lazy\" decoding=\"async\" width=\"1368\" height=\"1842\" src=\"https:\/\/gs-am-tannenplatz.de\/wp-content\/uploads\/2026\/01\/Legende-des-Speiseplans-1.jpg\" alt=\"\" class=\"wp-image-2083\" srcset=\"https:\/\/gs-am-tannenplatz.de\/wp-content\/uploads\/2026\/01\/Legende-des-Speiseplans-1.jpg 1368w, https:\/\/gs-am-tannenplatz.de\/wp-content\/uploads\/2026\/01\/Legende-des-Speiseplans-1-760x1024.jpg 760w, https:\/\/gs-am-tannenplatz.de\/wp-content\/uploads\/2026\/01\/Legende-des-Speiseplans-1-768x1034.jpg 768w, https:\/\/gs-am-tannenplatz.de\/wp-content\/uploads\/2026\/01\/Legende-des-Speiseplans-1-1141x1536.jpg 1141w\" sizes=\"auto, (max-width: 1368px) 100vw, 1368px\" \/><\/figure>\n\n\n\n<p><\/p>\n","protected":false},"excerpt":{"rendered":"<p>Speisepl\u00e4ne f\u00fcr die kommenden Wochen. Ein leerer Plan bedeutet, dass die Mensa ihre Men\u00fcs anhand der eigenen Vorr\u00e4te selbst ausw\u00e4hlt. Es gibt an den Tagen&hellip;<\/p>\n","protected":false},"author":4,"featured_media":0,"parent":0,"menu_order":0,"comment_status":"closed","ping_status":"closed","template":"","meta":{"footnotes":""},"class_list":["post-175","page","type-page","status-publish","hentry"],"_links":{"self":[{"href":"https:\/\/gs-am-tannenplatz.de\/index.php\/wp-json\/wp\/v2\/pages\/175","targetHints":{"allow":["GET"]}}],"collection":[{"href":"https:\/\/gs-am-tannenplatz.de\/index.php\/wp-json\/wp\/v2\/pages"}],"about":[{"href":"https:\/\/gs-am-tannenplatz.de\/index.php\/wp-json\/wp\/v2\/types\/page"}],"author":[{"embeddable":true,"href":"https:\/\/gs-am-tannenplatz.de\/index.php\/wp-json\/wp\/v2\/users\/4"}],"replies":[{"embeddable":true,"href":"https:\/\/gs-am-tannenplatz.de\/index.php\/wp-json\/wp\/v2\/comments?post=175"}],"version-history":[{"count":165,"href":"https:\/\/gs-am-tannenplatz.de\/index.php\/wp-json\/wp\/v2\/pages\/175\/revisions"}],"predecessor-version":[{"id":2187,"href":"https:\/\/gs-am-tannenplatz.de\/index.php\/wp-json\/wp\/v2\/pages\/175\/revisions\/2187"}],"wp:attachment":[{"href":"https:\/\/gs-am-tannenplatz.de\/index.php\/wp-json\/wp\/v2\/media?parent=175"}],"curies":[{"name":"wp","href":"https:\/\/api.w.org\/{rel}","templated":true}]}}