{"id":1755,"date":"2025-09-08T09:21:40","date_gmt":"2025-09-08T09:21:40","guid":{"rendered":"https:\/\/gs-am-tannenplatz.de\/?page_id=1755"},"modified":"2025-09-08T09:21:40","modified_gmt":"2025-09-08T09:21:40","slug":"aktuelles-schuljahr-2023-24","status":"publish","type":"page","link":"https:\/\/gs-am-tannenplatz.de\/index.php\/aktuelles-schuljahr-2023-24\/","title":{"rendered":"Aktuelles Schuljahr 2023\/24"},"content":{"rendered":"\n<h3 class=\"wp-block-heading\"><strong>Informationen zum Schuljahresende<\/strong><\/h3>\n\n\n\n<p>Liebe Eltern und Sorgeberechtigte,<\/p>\n\n\n\n<p>wir m\u00f6chten Ihnen einige Informationen zum Ablauf der letzten Schulwochen vor den Sommerferien zukommen lassen:<\/p>\n\n\n\n<ul class=\"wp-block-list\">\n<li><strong>Schw\u00f6rmontag, 22.07.2024<\/strong>: Der Unterricht endet um 10 Uhr. Es findet anschlie\u00dfend keine Betreuung statt.<\/li>\n\n\n\n<li>Am <strong>letzten Schultag, Mittwoch, 24.07.2024<\/strong>, endet der Unterricht um 11.30 Uhr. Die Schulkindbetreuung kann am Tannenplatz bis 15 Uhr, im Erenlauh bis 14 Uhr besucht werden.<\/li>\n\n\n\n<li>Die <strong>Zeugnisausgabe <\/strong>findet am letzten Schultag, 24.07.2024, statt.<\/li>\n<\/ul>\n\n\n\n<p>Der <strong>erste Schultag<\/strong> nach den Sommerferien ist <strong>Montag, 09.09.2024, Unterrichtsbeginn: 8.30 Uhr<\/strong>.<br>Es folgt vor den Ferien noch eine weitere Information zum neuen Schuljahr.<\/p>\n\n\n\n<hr class=\"wp-block-separator has-alpha-channel-opacity\"\/>\n\n\n\n<h4 class=\"wp-block-heading\"><strong>Wer schafft es innerhalb von 6 Wochen mindestens 20-mal zu Fu\u00df, mit dem Tretroller oder mit dem Fahrrad zur Schule?<\/strong><\/h4>\n\n\n\n<p>Die Grundschule am Tannenplatz mit Au\u00dfenstelle Erenlauh macht beim diesj\u00e4hrigen Bewegungs-Pass mit. \u201eElterntaxis&#8220; sind h\u00e4ufig ein gro\u00dfes \u00c4rgernis an Grundschulen, da sie f\u00fcr Verkehrschaos sorgen. Zudem f\u00fchren sie zu  un\u00fcbersichtlichen und gef\u00e4hrlichen Situationen f\u00fcr Kinder. Ziel der Aktion ist es, die Verkehrssituation vor Grundschulen durch weniger \u201eElterntaxis\u201c zu entsch\u00e4rfen. Zum anderen soll der Bewegungspass die Eigenst\u00e4ndigkeit im Verkehrsalltag und einen bewegten Einstieg in den Tag von Kindern f\u00f6rdern.<\/p>\n\n\n\n<p>Am Montag, 8. April startet die Aktion und die Kinder erhalten ihren eigenen Bewegungs-Pass. Mit einem vollen Pass nehmen sie&nbsp; am gro\u00dfen Gewinnspiel mit vielen tollen Preisen im Gesamtwert von 20.000 Euro teil. Zudem gibt es einen Wettbewerb der Klassen untereinander. Welche Klasse schafft es, am h\u00e4ufigsten auf das Auto zu verzichten?<\/p>\n\n\n\n<p>Weitere Informationen <a href=\"https:\/\/www.spospito-bewegungspass.de\/faq\/\">hier<\/a>.<\/p>\n\n\n\n<div class=\"wp-block-buttons is-layout-flex wp-block-buttons-is-layout-flex\">\n<div class=\"wp-block-button\"><a class=\"wp-block-button__link wp-element-button\" href=\"https:\/\/gs-am-tannenplatz.de\/wp-content\/uploads\/2024\/04\/Elternbrief-Bewegungsprojekt.pdf\">Elternbrief zum Bewegungsprojekt<\/a><\/div>\n<\/div>\n\n\n\n<hr class=\"wp-block-separator has-alpha-channel-opacity\"\/>\n\n\n\n<h4 class=\"wp-block-heading\"><strong>Sdui Schul-App<\/strong><\/h4>\n\n\n\n<p>Die Grundschule am Tannenplatz mit Au\u00dfenstelle Erenlauh wechseln ihre digitale Kommunikationsplattform. Wir verabschieden uns von Schul.Cloud und steigen auf Sdui um. Der Umstieg ist bereits gr\u00f6\u00dftenteils erfolgt und die Kommunikation \u00fcber Sdui ist angelaufen. Am 18.4. wird die Schul.Cloud automatisch geschlossen. Die Accounts der Eltern und Sorgeberechtigten werden automatisch gel\u00f6scht. <\/p>\n\n\n\n<p>Die Anmeldung zu Sdui erhalten Sie, sofern nicht schon geschehen, von den Klassenlehrkr\u00e4ften. Sie k\u00f6nnen Sdui als App auf dem Handy nutzen (Download in den Google und Apple Play Stores) oder auf dem Desktop-PC\/Tablet als Web-Version. Den Link zur Login-Seite finden Sie ab sofort auf der Startseite der Schul-Homepage.<\/p>\n\n\n\n<hr class=\"wp-block-separator has-alpha-channel-opacity\"\/>\n\n\n\n<h4 class=\"wp-block-heading\"><strong>Verabschiedung von Frau Braig und Herrn Woldmann sowie Wechsel von Herrn Protschka<\/strong><\/h4>\n\n\n\n<p>Mit einer gro\u00dfen und bunten Schulversammlung verabschiedeten die Kinder und das Kollegium unsere langj\u00e4hrige Sekret\u00e4rin Frau Braig sowie den langj\u00e4hrigen Leiter der Schulkindbetreuung Herrn Woldmann. Beide treten zum 1. M\u00e4rz 2024 neue Stellen au\u00dferhalb der Grundschule an. <br>Wir danken beiden f\u00fcr die stets tolle Zusammenarbeit und w\u00fcnschen Ihnen f\u00fcr die Zukunft alles Gute.<\/p>\n\n\n\n<p>Gleichzeitig feierten wir den Wechsel des bisherigen Schulsozialarbeiters Herrn Protschka. Er wird zum 1. M\u00e4rz die Stelle des Leiters der Schulkindbetreuung antreten. Das Kollegium und die Kinder freuen sich sehr, dass er der Schule in neuer Funktion erhalten bleibt.<\/p>\n\n\n\n<figure class=\"wp-block-gallery has-nested-images columns-default is-cropped wp-block-gallery-1 is-layout-flex wp-block-gallery-is-layout-flex\">\n<figure class=\"wp-block-image size-large\"><a href=\"https:\/\/gs-am-tannenplatz.de\/wp-content\/uploads\/2024\/03\/IMG_20240229_101126-scaled.jpg\"><img loading=\"lazy\" decoding=\"async\" width=\"1024\" height=\"576\" data-id=\"756\" src=\"https:\/\/gs-am-tannenplatz.de\/wp-content\/uploads\/2024\/03\/IMG_20240229_101126-1024x576.jpg\" alt=\"\" class=\"wp-image-756\" srcset=\"https:\/\/gs-am-tannenplatz.de\/wp-content\/uploads\/2024\/03\/IMG_20240229_101126-1024x576.jpg 1024w, https:\/\/gs-am-tannenplatz.de\/wp-content\/uploads\/2024\/03\/IMG_20240229_101126-300x169.jpg 300w, https:\/\/gs-am-tannenplatz.de\/wp-content\/uploads\/2024\/03\/IMG_20240229_101126-768x432.jpg 768w, https:\/\/gs-am-tannenplatz.de\/wp-content\/uploads\/2024\/03\/IMG_20240229_101126-1536x864.jpg 1536w, https:\/\/gs-am-tannenplatz.de\/wp-content\/uploads\/2024\/03\/IMG_20240229_101126-2048x1152.jpg 2048w\" sizes=\"auto, (max-width: 1024px) 100vw, 1024px\" \/><\/a><\/figure>\n\n\n\n<figure class=\"wp-block-image size-large\"><a href=\"https:\/\/gs-am-tannenplatz.de\/wp-content\/uploads\/2024\/03\/IMG_20240229_101444-scaled.jpg\"><img loading=\"lazy\" decoding=\"async\" width=\"576\" height=\"1024\" data-id=\"757\" src=\"https:\/\/gs-am-tannenplatz.de\/wp-content\/uploads\/2024\/03\/IMG_20240229_101444-576x1024.jpg\" alt=\"\" class=\"wp-image-757\" srcset=\"https:\/\/gs-am-tannenplatz.de\/wp-content\/uploads\/2024\/03\/IMG_20240229_101444-576x1024.jpg 576w, https:\/\/gs-am-tannenplatz.de\/wp-content\/uploads\/2024\/03\/IMG_20240229_101444-169x300.jpg 169w, https:\/\/gs-am-tannenplatz.de\/wp-content\/uploads\/2024\/03\/IMG_20240229_101444-768x1365.jpg 768w, https:\/\/gs-am-tannenplatz.de\/wp-content\/uploads\/2024\/03\/IMG_20240229_101444-864x1536.jpg 864w, https:\/\/gs-am-tannenplatz.de\/wp-content\/uploads\/2024\/03\/IMG_20240229_101444-1152x2048.jpg 1152w, https:\/\/gs-am-tannenplatz.de\/wp-content\/uploads\/2024\/03\/IMG_20240229_101444-scaled.jpg 1440w\" sizes=\"auto, (max-width: 576px) 100vw, 576px\" \/><\/a><\/figure>\n\n\n\n<figure class=\"wp-block-image size-large\"><a href=\"https:\/\/gs-am-tannenplatz.de\/wp-content\/uploads\/2024\/03\/IMG_20240229_101814-scaled.jpg\"><img loading=\"lazy\" decoding=\"async\" width=\"1024\" height=\"576\" data-id=\"758\" src=\"https:\/\/gs-am-tannenplatz.de\/wp-content\/uploads\/2024\/03\/IMG_20240229_101814-1024x576.jpg\" alt=\"\" class=\"wp-image-758\" srcset=\"https:\/\/gs-am-tannenplatz.de\/wp-content\/uploads\/2024\/03\/IMG_20240229_101814-1024x576.jpg 1024w, https:\/\/gs-am-tannenplatz.de\/wp-content\/uploads\/2024\/03\/IMG_20240229_101814-300x169.jpg 300w, https:\/\/gs-am-tannenplatz.de\/wp-content\/uploads\/2024\/03\/IMG_20240229_101814-768x432.jpg 768w, https:\/\/gs-am-tannenplatz.de\/wp-content\/uploads\/2024\/03\/IMG_20240229_101814-1536x864.jpg 1536w, https:\/\/gs-am-tannenplatz.de\/wp-content\/uploads\/2024\/03\/IMG_20240229_101814-2048x1152.jpg 2048w\" sizes=\"auto, (max-width: 1024px) 100vw, 1024px\" \/><\/a><\/figure>\n\n\n\n<figure class=\"wp-block-image size-large\"><a href=\"https:\/\/gs-am-tannenplatz.de\/wp-content\/uploads\/2024\/03\/IMG_20240229_101947-scaled.jpg\"><img loading=\"lazy\" decoding=\"async\" width=\"1024\" height=\"576\" data-id=\"759\" src=\"https:\/\/gs-am-tannenplatz.de\/wp-content\/uploads\/2024\/03\/IMG_20240229_101947-1024x576.jpg\" alt=\"\" class=\"wp-image-759\" srcset=\"https:\/\/gs-am-tannenplatz.de\/wp-content\/uploads\/2024\/03\/IMG_20240229_101947-1024x576.jpg 1024w, https:\/\/gs-am-tannenplatz.de\/wp-content\/uploads\/2024\/03\/IMG_20240229_101947-300x169.jpg 300w, https:\/\/gs-am-tannenplatz.de\/wp-content\/uploads\/2024\/03\/IMG_20240229_101947-768x432.jpg 768w, https:\/\/gs-am-tannenplatz.de\/wp-content\/uploads\/2024\/03\/IMG_20240229_101947-1536x864.jpg 1536w, https:\/\/gs-am-tannenplatz.de\/wp-content\/uploads\/2024\/03\/IMG_20240229_101947-2048x1152.jpg 2048w\" sizes=\"auto, (max-width: 1024px) 100vw, 1024px\" \/><\/a><\/figure>\n\n\n\n<figure class=\"wp-block-image size-large\"><a href=\"https:\/\/gs-am-tannenplatz.de\/wp-content\/uploads\/2024\/03\/IMG_20240229_102825-scaled.jpg\"><img loading=\"lazy\" decoding=\"async\" width=\"576\" height=\"1024\" data-id=\"760\" src=\"https:\/\/gs-am-tannenplatz.de\/wp-content\/uploads\/2024\/03\/IMG_20240229_102825-576x1024.jpg\" alt=\"\" class=\"wp-image-760\" srcset=\"https:\/\/gs-am-tannenplatz.de\/wp-content\/uploads\/2024\/03\/IMG_20240229_102825-576x1024.jpg 576w, https:\/\/gs-am-tannenplatz.de\/wp-content\/uploads\/2024\/03\/IMG_20240229_102825-169x300.jpg 169w, https:\/\/gs-am-tannenplatz.de\/wp-content\/uploads\/2024\/03\/IMG_20240229_102825-768x1365.jpg 768w, https:\/\/gs-am-tannenplatz.de\/wp-content\/uploads\/2024\/03\/IMG_20240229_102825-864x1536.jpg 864w, https:\/\/gs-am-tannenplatz.de\/wp-content\/uploads\/2024\/03\/IMG_20240229_102825-1152x2048.jpg 1152w, https:\/\/gs-am-tannenplatz.de\/wp-content\/uploads\/2024\/03\/IMG_20240229_102825-scaled.jpg 1440w\" sizes=\"auto, (max-width: 576px) 100vw, 576px\" \/><\/a><\/figure>\n\n\n\n<figure class=\"wp-block-image size-large\"><a href=\"https:\/\/gs-am-tannenplatz.de\/wp-content\/uploads\/2024\/03\/IMG_20240229_102959-scaled.jpg\"><img loading=\"lazy\" decoding=\"async\" width=\"1024\" height=\"576\" data-id=\"762\" src=\"https:\/\/gs-am-tannenplatz.de\/wp-content\/uploads\/2024\/03\/IMG_20240229_102959-1024x576.jpg\" alt=\"\" class=\"wp-image-762\" srcset=\"https:\/\/gs-am-tannenplatz.de\/wp-content\/uploads\/2024\/03\/IMG_20240229_102959-1024x576.jpg 1024w, https:\/\/gs-am-tannenplatz.de\/wp-content\/uploads\/2024\/03\/IMG_20240229_102959-300x169.jpg 300w, https:\/\/gs-am-tannenplatz.de\/wp-content\/uploads\/2024\/03\/IMG_20240229_102959-768x432.jpg 768w, https:\/\/gs-am-tannenplatz.de\/wp-content\/uploads\/2024\/03\/IMG_20240229_102959-1536x864.jpg 1536w, https:\/\/gs-am-tannenplatz.de\/wp-content\/uploads\/2024\/03\/IMG_20240229_102959-2048x1152.jpg 2048w\" sizes=\"auto, (max-width: 1024px) 100vw, 1024px\" \/><\/a><\/figure>\n\n\n\n<figure class=\"wp-block-image size-large\"><a href=\"https:\/\/gs-am-tannenplatz.de\/wp-content\/uploads\/2024\/03\/IMG_20240229_102241-scaled.jpg\"><img loading=\"lazy\" decoding=\"async\" width=\"1024\" height=\"576\" data-id=\"761\" src=\"https:\/\/gs-am-tannenplatz.de\/wp-content\/uploads\/2024\/03\/IMG_20240229_102241-1024x576.jpg\" alt=\"\" class=\"wp-image-761\" srcset=\"https:\/\/gs-am-tannenplatz.de\/wp-content\/uploads\/2024\/03\/IMG_20240229_102241-1024x576.jpg 1024w, https:\/\/gs-am-tannenplatz.de\/wp-content\/uploads\/2024\/03\/IMG_20240229_102241-300x169.jpg 300w, https:\/\/gs-am-tannenplatz.de\/wp-content\/uploads\/2024\/03\/IMG_20240229_102241-768x432.jpg 768w, https:\/\/gs-am-tannenplatz.de\/wp-content\/uploads\/2024\/03\/IMG_20240229_102241-1536x864.jpg 1536w, https:\/\/gs-am-tannenplatz.de\/wp-content\/uploads\/2024\/03\/IMG_20240229_102241-2048x1152.jpg 2048w\" sizes=\"auto, (max-width: 1024px) 100vw, 1024px\" \/><\/a><\/figure>\n<\/figure>\n\n\n\n<hr class=\"wp-block-separator has-alpha-channel-opacity is-style-wide\"\/>\n\n\n\n<h4 class=\"wp-block-heading\"><strong>Gr\u00fc\u00dfe zu Weihnachten und zum Jahreswechsel<\/strong><\/h4>\n\n\n\n<div class=\"wp-block-columns is-layout-flex wp-container-core-columns-is-layout-9d6595d7 wp-block-columns-is-layout-flex\">\n<div class=\"wp-block-column is-layout-flow wp-block-column-is-layout-flow\">\n<p><strong>Wir w\u00fcnschen Ihnen frohe Feiertage und ein gesundes, friedvolles Jahr 2024<\/strong><\/p>\n\n\n\n<p class=\"has-text-align-right\">Dezember 2023<\/p>\n\n\n\n<p class=\"has-text-align-center\">Liebe Eltern und Sorgeberechtigte,<br>in wenigen Tagen beginnen die Weihnachtsferien und das Jahr 2023 geht zu Ende. Wir m\u00f6chten uns bei Ihnen f\u00fcr die gute Zusammenarbeit bedanken. Jedes Gespr\u00e4ch zwischen Ihnen und den Kolleg*innen ist f\u00fcr Ihr Kind wichtig.<br>Herzlichen Dank an alle Mitglieder des Elternbeirats und Herrn Klauck f\u00fcr die Pflege der Homepage.<br>Wir w\u00fcnschen sch\u00f6ne Ferien,<br>herzliche Gr\u00fc\u00dfe<br><br>das Team der Grundschule am Tannenplatz und im Erenlauh und Anja Prinz-Kanold<\/p>\n\n\n\n<p>Letzter Schultag, Freitag, 22.12.2023: Unterricht nach Stundenplan<br>Erster Schultag nach den Ferien, Dienstag, 9.1.2024 (!!): Unterricht nach Stundenplan<\/p>\n<\/div>\n\n\n\n<div class=\"wp-block-column is-layout-flow wp-block-column-is-layout-flow\">\n<figure class=\"wp-block-image size-full\"><img loading=\"lazy\" decoding=\"async\" width=\"591\" height=\"857\" src=\"https:\/\/gs-am-tannenplatz.de\/wp-content\/uploads\/2023\/12\/Weihnachtsferien.jpg\" alt=\"\" class=\"wp-image-681\" srcset=\"https:\/\/gs-am-tannenplatz.de\/wp-content\/uploads\/2023\/12\/Weihnachtsferien.jpg 591w, https:\/\/gs-am-tannenplatz.de\/wp-content\/uploads\/2023\/12\/Weihnachtsferien-207x300.jpg 207w\" sizes=\"auto, (max-width: 591px) 100vw, 591px\" \/><\/figure>\n<\/div>\n<\/div>\n\n\n\n<div class=\"wp-block-columns is-layout-flex wp-container-core-columns-is-layout-9d6595d7 wp-block-columns-is-layout-flex\">\n<div class=\"wp-block-column is-layout-flow wp-block-column-is-layout-flow\" style=\"flex-basis:33.33%\"><div class=\"wp-block-image\">\n<figure class=\"aligncenter size-full is-resized\"><a href=\"https:\/\/gs-am-tannenplatz.de\/wp-content\/uploads\/2023\/12\/6b65aac1-a693-40a5-9909-5abee8b09897.jpg\"><img loading=\"lazy\" decoding=\"async\" width=\"480\" height=\"640\" src=\"https:\/\/gs-am-tannenplatz.de\/wp-content\/uploads\/2023\/12\/6b65aac1-a693-40a5-9909-5abee8b09897.jpg\" alt=\"\" class=\"wp-image-698\" style=\"width:257px;height:auto\" srcset=\"https:\/\/gs-am-tannenplatz.de\/wp-content\/uploads\/2023\/12\/6b65aac1-a693-40a5-9909-5abee8b09897.jpg 480w, https:\/\/gs-am-tannenplatz.de\/wp-content\/uploads\/2023\/12\/6b65aac1-a693-40a5-9909-5abee8b09897-225x300.jpg 225w\" sizes=\"auto, (max-width: 480px) 100vw, 480px\" \/><\/a><\/figure>\n<\/div><\/div>\n\n\n\n<div class=\"wp-block-column is-layout-flow wp-block-column-is-layout-flow\" style=\"flex-basis:66.66%\"><div class=\"wp-block-image\">\n<figure class=\"aligncenter size-full is-resized\"><a href=\"https:\/\/gs-am-tannenplatz.de\/wp-content\/uploads\/2023\/12\/a416f11b-4b60-43ab-b1e6-ba5cd56367cf.jpg\"><img loading=\"lazy\" decoding=\"async\" width=\"640\" height=\"480\" src=\"https:\/\/gs-am-tannenplatz.de\/wp-content\/uploads\/2023\/12\/a416f11b-4b60-43ab-b1e6-ba5cd56367cf.jpg\" alt=\"\" class=\"wp-image-699\" style=\"width:460px;height:auto\" srcset=\"https:\/\/gs-am-tannenplatz.de\/wp-content\/uploads\/2023\/12\/a416f11b-4b60-43ab-b1e6-ba5cd56367cf.jpg 640w, https:\/\/gs-am-tannenplatz.de\/wp-content\/uploads\/2023\/12\/a416f11b-4b60-43ab-b1e6-ba5cd56367cf-300x225.jpg 300w\" sizes=\"auto, (max-width: 640px) 100vw, 640px\" \/><\/a><figcaption class=\"wp-element-caption\"><sup>Krippen in der Streichholzschachtel der Religionsklassen 2 a, b, c<\/sup><\/figcaption><\/figure>\n<\/div><\/div>\n<\/div>\n\n\n\n<hr class=\"wp-block-separator has-alpha-channel-opacity is-style-wide\"\/>\n\n\n\n<h4 class=\"wp-block-heading\"><strong>Hot Chili Chips \/ Chips im Allgemeinen<\/strong><\/h4>\n\n\n\n<p>Sehr geehrte Eltern und Sorgeberechtigte<br><br>es kam in den letzten Tagen vor, dass Kinder &#8222;hot chili pepper tortilla chips&#8220; (z.B.Takis) in die Schule mitgebracht und an andere Kinder verteilt haben. Manchen Kindern sind diese gar nicht gut bekommen. <br><br>Wir m\u00f6chten Sie daher dringend bitten, solche Chips nicht mehr mit in die Schule zu geben. <br>Grunds\u00e4tzlich bitten wir Sie, den Kindern keine Chips mit in die Schule zu geben, sondern ein gesundes Vesper einzupacken. <br><br>Vielen Dank.<\/p>\n\n\n\n<div class=\"wp-block-buttons is-layout-flex wp-block-buttons-is-layout-flex\">\n<div class=\"wp-block-button\"><a class=\"wp-block-button__link wp-element-button\" href=\"https:\/\/gs-am-tannenplatz.de\/wp-content\/uploads\/2023\/11\/Elterninfo_000003.pdf\" target=\"_blank\" rel=\"noreferrer noopener\">Elternbrief Download<\/a><\/div>\n<\/div>\n\n\n\n<p><\/p>\n","protected":false},"excerpt":{"rendered":"<p>Informationen zum Schuljahresende Liebe Eltern und Sorgeberechtigte, wir m\u00f6chten Ihnen einige Informationen zum Ablauf der letzten Schulwochen vor den Sommerferien zukommen lassen: Der erste Schultag&hellip;<\/p>\n","protected":false},"author":4,"featured_media":0,"parent":0,"menu_order":0,"comment_status":"closed","ping_status":"closed","template":"","meta":{"footnotes":""},"class_list":["post-1755","page","type-page","status-publish","hentry"],"_links":{"self":[{"href":"https:\/\/gs-am-tannenplatz.de\/index.php\/wp-json\/wp\/v2\/pages\/1755","targetHints":{"allow":["GET"]}}],"collection":[{"href":"https:\/\/gs-am-tannenplatz.de\/index.php\/wp-json\/wp\/v2\/pages"}],"about":[{"href":"https:\/\/gs-am-tannenplatz.de\/index.php\/wp-json\/wp\/v2\/types\/page"}],"author":[{"embeddable":true,"href":"https:\/\/gs-am-tannenplatz.de\/index.php\/wp-json\/wp\/v2\/users\/4"}],"replies":[{"embeddable":true,"href":"https:\/\/gs-am-tannenplatz.de\/index.php\/wp-json\/wp\/v2\/comments?post=1755"}],"version-history":[{"count":1,"href":"https:\/\/gs-am-tannenplatz.de\/index.php\/wp-json\/wp\/v2\/pages\/1755\/revisions"}],"predecessor-version":[{"id":1756,"href":"https:\/\/gs-am-tannenplatz.de\/index.php\/wp-json\/wp\/v2\/pages\/1755\/revisions\/1756"}],"wp:attachment":[{"href":"https:\/\/gs-am-tannenplatz.de\/index.php\/wp-json\/wp\/v2\/media?parent=1755"}],"curies":[{"name":"wp","href":"https:\/\/api.w.org\/{rel}","templated":true}]}}