{"id":1772,"date":"2025-09-08T09:36:14","date_gmt":"2025-09-08T09:36:14","guid":{"rendered":"https:\/\/gs-am-tannenplatz.de\/?page_id=1772"},"modified":"2026-01-10T15:09:43","modified_gmt":"2026-01-10T15:09:43","slug":"schulordnung","status":"publish","type":"page","link":"https:\/\/gs-am-tannenplatz.de\/index.php\/schulordnung\/","title":{"rendered":"Soziales Miteinander und Beteiligung"},"content":{"rendered":"\n<h2 class=\"wp-block-heading\">F\u00fcr einen respektvollen Umgang miteinander<\/h2>\n\n\n\n<div class=\"wp-block-group is-nowrap is-layout-flex wp-container-core-group-is-layout-ad2f72ca wp-block-group-is-layout-flex\">\n<div class=\"wp-block-columns is-layout-flex wp-container-core-columns-is-layout-9d6595d7 wp-block-columns-is-layout-flex\">\n<div class=\"wp-block-column is-layout-flow wp-block-column-is-layout-flow\" style=\"flex-basis:100%\">\n<div class=\"wp-block-media-text has-media-on-the-right is-stacked-on-mobile\" style=\"grid-template-columns:auto 30%\"><div class=\"wp-block-media-text__content\">\n<p>An unserer Schule f\u00f6rdern wir ein <strong>respektvolles und empathisches Miteinander.<\/strong> Damit sollen auftretende Konflikte konstruktiv und gewaltfrei gel\u00f6st werden. Wir integrieren die Grunds\u00e4tze der <strong><a href=\"https:\/\/www.ardalpha.de\/wissen\/psychologie\/gewaltfreie-kommunikation-kinder-rosenberg-vier-schritte-giraffensprache-112.html\" target=\"_blank\" rel=\"noreferrer noopener\">Gewaltfreien Kommunikation<\/a><\/strong> nach Rosenberg in Form der <strong>Giraffensprache<\/strong> bereits ab Klasse 1 durchgehend. Das soziale Miteinander verzahnen wir eng mit der <strong>Demokratiebildung<\/strong> und <strong>Kinderbeteiligung<\/strong>. So lernen die Kinder im w\u00f6chentlich verbindlichen <strong>Klassenrat<\/strong>, ihre Anliegen selbstst\u00e4ndig zu vertreten und Konflikte zunehmend eigenverantwortlich zu kl\u00e4ren. Die schulweit verbindlichen gew\u00e4hlten <strong><a href=\"https:\/\/gs-am-tannenplatz.de\/index.php\/schulversammlungen\/\" data-type=\"page\" data-id=\"1183\">Klassensprecher*innen<\/a><\/strong> vertreten die Interessen der Sch\u00fclerschaft gegen\u00fcber den erwachsenen Personen der Schule. Ein regelm\u00e4\u00dfiger <strong>Rat<\/strong> aller Klassensprecher*innen wird aktuell aufgebaut. Darin ber\u00fccksichtigen wir die Interessen der Kinder und erm\u00f6glichen ihnen, sich aktiv an der Gestaltung ihres Schulalltags im Ganztag zu beteiligen.<br>Das Ziel dieser Ma\u00dfnahmen ist es, die Kinder zu <strong>selbstbewussten, informierten<\/strong> und <strong>m\u00fcndigen<\/strong> Mitgliedern der Gesellschaft zu bef\u00e4higen.<\/p>\n<\/div><figure class=\"wp-block-media-text__media\"><a href=\"https:\/\/gs-am-tannenplatz.de\/wp-content\/uploads\/2025\/12\/Giraffe_Wir_2c-scaled.png\"><img loading=\"lazy\" decoding=\"async\" width=\"1649\" height=\"2480\" src=\"https:\/\/gs-am-tannenplatz.de\/wp-content\/uploads\/2025\/12\/Giraffe_Wir_2c-1649x2480.png\" alt=\"\" class=\"wp-image-2038 size-full\" srcset=\"https:\/\/gs-am-tannenplatz.de\/wp-content\/uploads\/2025\/12\/Giraffe_Wir_2c-1649x2480.png 1649w, https:\/\/gs-am-tannenplatz.de\/wp-content\/uploads\/2025\/12\/Giraffe_Wir_2c-681x1024.png 681w, https:\/\/gs-am-tannenplatz.de\/wp-content\/uploads\/2025\/12\/Giraffe_Wir_2c-768x1155.png 768w, https:\/\/gs-am-tannenplatz.de\/wp-content\/uploads\/2025\/12\/Giraffe_Wir_2c-1021x1536.png 1021w, https:\/\/gs-am-tannenplatz.de\/wp-content\/uploads\/2025\/12\/Giraffe_Wir_2c-1362x2048.png 1362w, https:\/\/gs-am-tannenplatz.de\/wp-content\/uploads\/2025\/12\/Giraffe_Wir_2c-scaled.png 1702w\" sizes=\"auto, (max-width: 1649px) 100vw, 1649px\" \/><\/a><\/figure><\/div>\n<\/div>\n<\/div>\n<\/div>\n\n\n\n<div class=\"wp-block-group is-nowrap is-layout-flex wp-container-core-group-is-layout-ad2f72ca wp-block-group-is-layout-flex\">\n<figure data-wp-context=\"{&quot;imageId&quot;:&quot;69fb270a09098&quot;}\" data-wp-interactive=\"core\/image\" data-wp-key=\"69fb270a09098\" class=\"wp-block-image size-large wp-lightbox-container\"><img loading=\"lazy\" decoding=\"async\" width=\"2480\" height=\"1753\" data-wp-class--hide=\"state.isContentHidden\" data-wp-class--show=\"state.isContentVisible\" data-wp-init=\"callbacks.setButtonStyles\" data-wp-on--click=\"actions.showLightbox\" data-wp-on--load=\"callbacks.setButtonStyles\" data-wp-on-window--resize=\"callbacks.setButtonStyles\" src=\"https:\/\/gs-am-tannenplatz.de\/wp-content\/uploads\/2025\/09\/GS_Tannenplatz_Schulordnung-2480x1753.png\" alt=\"\" class=\"wp-image-1773\" srcset=\"https:\/\/gs-am-tannenplatz.de\/wp-content\/uploads\/2025\/09\/GS_Tannenplatz_Schulordnung-2480x1753.png 2480w, https:\/\/gs-am-tannenplatz.de\/wp-content\/uploads\/2025\/09\/GS_Tannenplatz_Schulordnung-1024x724.png 1024w, https:\/\/gs-am-tannenplatz.de\/wp-content\/uploads\/2025\/09\/GS_Tannenplatz_Schulordnung-768x543.png 768w, https:\/\/gs-am-tannenplatz.de\/wp-content\/uploads\/2025\/09\/GS_Tannenplatz_Schulordnung-1536x1086.png 1536w, https:\/\/gs-am-tannenplatz.de\/wp-content\/uploads\/2025\/09\/GS_Tannenplatz_Schulordnung-2048x1448.png 2048w\" sizes=\"auto, (max-width: 2480px) 100vw, 2480px\" \/><button\n\t\t\tclass=\"lightbox-trigger\"\n\t\t\ttype=\"button\"\n\t\t\taria-haspopup=\"dialog\"\n\t\t\taria-label=\"Vergr\u00f6\u00dfern\"\n\t\t\tdata-wp-init=\"callbacks.initTriggerButton\"\n\t\t\tdata-wp-on--click=\"actions.showLightbox\"\n\t\t\tdata-wp-style--right=\"state.imageButtonRight\"\n\t\t\tdata-wp-style--top=\"state.imageButtonTop\"\n\t\t>\n\t\t\t<svg xmlns=\"http:\/\/www.w3.org\/2000\/svg\" width=\"12\" height=\"12\" fill=\"none\" viewBox=\"0 0 12 12\">\n\t\t\t\t<path fill=\"#fff\" d=\"M2 0a2 2 0 0 0-2 2v2h1.5V2a.5.5 0 0 1 .5-.5h2V0H2Zm2 10.5H2a.5.5 0 0 1-.5-.5V8H0v2a2 2 0 0 0 2 2h2v-1.5ZM8 12v-1.5h2a.5.5 0 0 0 .5-.5V8H12v2a2 2 0 0 1-2 2H8Zm2-12a2 2 0 0 1 2 2v2h-1.5V2a.5.5 0 0 0-.5-.5H8V0h2Z\" \/>\n\t\t\t<\/svg>\n\t\t<\/button><\/figure>\n<\/div>\n\n\n\n<h3 class=\"wp-block-heading\">Ziele des sozialen Miteinanders im Einzelnen:<\/h3>\n\n\n\n<ol class=\"wp-block-list\">\n<li><strong>St\u00e4rkung der sozialen Kompetenzen<\/strong>: Ein respektvolles und empathisches Miteinander hilft den Kindern, wichtige soziale F\u00e4higkeiten zu entwickeln. Diese F\u00e4higkeiten sind entscheidend f\u00fcr ihre zuk\u00fcnftigen Beziehungen und ihr Handeln in der Gesellschaft.<\/li>\n\n\n\n<li><strong>Pr\u00e4vention von Konflikten<\/strong>: Durch die F\u00f6rderung von gewaltfreier Kommunikation und Konfliktl\u00f6sungsstrategien lernen die Kinder, Konflikte fr\u00fchzeitig zu erkennen und konstruktiv zu l\u00f6sen. Dies tr\u00e4gt dazu bei, ein harmonisches Schulklima zu schaffen.<\/li>\n\n\n\n<li><strong>Selbstbewusstsein und Eigenverantwortung<\/strong>: Indem die Kinder aktiv an Entscheidungsprozessen teilnehmen, werden sie in ihrer Selbstwahrnehmung gest\u00e4rkt. Sie lernen, Verantwortung f\u00fcr ihr Handeln zu \u00fcbernehmen und ihre Meinungen zu \u00e4u\u00dfern.<\/li>\n\n\n\n<li><strong>Integration der Kinderrechte<\/strong>: Die Werte der Kinderbeteiligung orientieren sich an den allgemeinen Kinderrechten der Vereinten Nationen. Dies f\u00f6rdert ein Bewusstsein f\u00fcr die Rechte und Bed\u00fcrfnisse aller Kinder und st\u00e4rkt den respektvollen Umgang miteinander.<\/li>\n\n\n\n<li><strong>Vorbereitung auf die Gesellschaft<\/strong>: Ein gutes Miteinander in der Schule bereitet die Kinder auf das Leben in einer demokratischen Gesellschaft vor. Sie lernen, wie wichtig es ist, sich f\u00fcr die eigenen Interessen einzusetzen und die Meinungen anderer zu<\/li>\n<\/ol>\n\n\n\n<figure class=\"wp-block-image size-full\"><img loading=\"lazy\" decoding=\"async\" width=\"1189\" height=\"831\" src=\"https:\/\/gs-am-tannenplatz.de\/wp-content\/uploads\/2025\/10\/flyerGFK-1.png\" alt=\"\" class=\"wp-image-1925\" srcset=\"https:\/\/gs-am-tannenplatz.de\/wp-content\/uploads\/2025\/10\/flyerGFK-1.png 1189w, https:\/\/gs-am-tannenplatz.de\/wp-content\/uploads\/2025\/10\/flyerGFK-1-1024x716.png 1024w, https:\/\/gs-am-tannenplatz.de\/wp-content\/uploads\/2025\/10\/flyerGFK-1-768x537.png 768w\" sizes=\"auto, (max-width: 1189px) 100vw, 1189px\" \/><\/figure>\n","protected":false},"excerpt":{"rendered":"<p>F\u00fcr einen respektvollen Umgang miteinander An unserer Schule f\u00f6rdern wir ein respektvolles und empathisches Miteinander. Damit sollen auftretende Konflikte konstruktiv und gewaltfrei gel\u00f6st werden. Wir&hellip;<\/p>\n","protected":false},"author":4,"featured_media":0,"parent":0,"menu_order":0,"comment_status":"closed","ping_status":"closed","template":"","meta":{"footnotes":""},"class_list":["post-1772","page","type-page","status-publish","hentry"],"_links":{"self":[{"href":"https:\/\/gs-am-tannenplatz.de\/index.php\/wp-json\/wp\/v2\/pages\/1772","targetHints":{"allow":["GET"]}}],"collection":[{"href":"https:\/\/gs-am-tannenplatz.de\/index.php\/wp-json\/wp\/v2\/pages"}],"about":[{"href":"https:\/\/gs-am-tannenplatz.de\/index.php\/wp-json\/wp\/v2\/types\/page"}],"author":[{"embeddable":true,"href":"https:\/\/gs-am-tannenplatz.de\/index.php\/wp-json\/wp\/v2\/users\/4"}],"replies":[{"embeddable":true,"href":"https:\/\/gs-am-tannenplatz.de\/index.php\/wp-json\/wp\/v2\/comments?post=1772"}],"version-history":[{"count":39,"href":"https:\/\/gs-am-tannenplatz.de\/index.php\/wp-json\/wp\/v2\/pages\/1772\/revisions"}],"predecessor-version":[{"id":2077,"href":"https:\/\/gs-am-tannenplatz.de\/index.php\/wp-json\/wp\/v2\/pages\/1772\/revisions\/2077"}],"wp:attachment":[{"href":"https:\/\/gs-am-tannenplatz.de\/index.php\/wp-json\/wp\/v2\/media?parent=1772"}],"curies":[{"name":"wp","href":"https:\/\/api.w.org\/{rel}","templated":true}]}}