{"id":1854,"date":"2025-10-31T10:00:02","date_gmt":"2025-10-31T10:00:02","guid":{"rendered":"https:\/\/gs-am-tannenplatz.de\/?page_id=1854"},"modified":"2025-11-02T15:12:53","modified_gmt":"2025-11-02T15:12:53","slug":"zwischen-tuer-und-angel","status":"publish","type":"page","link":"https:\/\/gs-am-tannenplatz.de\/index.php\/zwischen-tuer-und-angel\/","title":{"rendered":"&#8222;Zwischen T\u00fcr und Angel&#8220;"},"content":{"rendered":"\n<h3 class=\"wp-block-heading has-text-align-center\">Zwischen T\u00fcr und Angel &#8211; <em>Flexibel. Vertraulich. Entlastend.<\/em><\/h3>\n\n\n\n<p class=\"has-text-align-center\">&#8222;Zwischen T\u00fcr und Angel&#8220; ist eine Kooperation speziell zur <strong>niedrigschwelligen<\/strong> und <strong>bedarfsorientierten Unterst\u00fctzung<\/strong> <strong>der Lehrkr\u00e4fte<\/strong> &#8211; <strong>mit dem Mensch im Mittelpunkt.<\/strong> Die Schule arbeitet im Sj. 25\/26 mit <a href=\"https:\/\/www.christoph-eckardt.de\/\" target=\"_blank\" rel=\"noreferrer noopener\">Christoph Eckardt<\/a> (Berater und Coach) zusammen. Seine Beratungst\u00e4tigkeit umfasst die Bereiche <strong>Pr\u00e4vention, Intervention<\/strong> und <strong>Elternarbeit.<\/strong><\/p>\n\n\n\n<p class=\"has-text-align-center\"><strong>Pr\u00e4vention<\/strong><br><em>Vorbeugen, damit es gar nicht erst schwierig wird<\/em><br>Impulse zu: Elternarbeit, Medien, Regeln, Umgang mit Stress, Strukturierung des (Arbeits-)Alltags, Gespr\u00e4chs- und Konfliktkultur<\/p>\n\n\n\n<p class=\"has-text-align-center\"><strong>Intervention<\/strong><br><em>Einspringen, wenn es schon schwierig ist<\/em><br>Unterst\u00fctzung bei: Elterngespr\u00e4chen, festgefahrenen Situationen, Suche nach L\u00f6sungen, Nachbesprechungen<\/p>\n\n\n\n<p class=\"has-text-align-center\"><strong>Elternarbeit<\/strong><br><em>Eltern begleiten &#8211; Entwicklung erm\u00f6glichen<\/em><br>Allgemeine und individuelle Inputs f\u00fcr Eltern und Sorgeberechtigte, passend zum jeweiligen Bedarf<\/p>\n\n\n<div class=\"wp-block-image\">\n<figure class=\"aligncenter size-full is-resized\"><a href=\"https:\/\/www.christoph-eckardt.de\/\" target=\"_blank\" rel=\" noreferrer noopener\"><img loading=\"lazy\" decoding=\"async\" width=\"1317\" height=\"989\" src=\"https:\/\/gs-am-tannenplatz.de\/wp-content\/uploads\/2025\/10\/CE-Beratung.png\" alt=\"\" class=\"wp-image-1870\" style=\"width:196px;height:auto\" srcset=\"https:\/\/gs-am-tannenplatz.de\/wp-content\/uploads\/2025\/10\/CE-Beratung.png 1317w, https:\/\/gs-am-tannenplatz.de\/wp-content\/uploads\/2025\/10\/CE-Beratung-1024x769.png 1024w, https:\/\/gs-am-tannenplatz.de\/wp-content\/uploads\/2025\/10\/CE-Beratung-768x577.png 768w\" sizes=\"auto, (max-width: 1317px) 100vw, 1317px\" \/><\/a><\/figure>\n<\/div>\n\n\n<p><\/p>\n","protected":false},"excerpt":{"rendered":"<p>Zwischen T\u00fcr und Angel &#8211; Flexibel. Vertraulich. Entlastend. &#8222;Zwischen T\u00fcr und Angel&#8220; ist eine Kooperation speziell zur niedrigschwelligen und bedarfsorientierten Unterst\u00fctzung der Lehrkr\u00e4fte &#8211; mit&hellip;<\/p>\n","protected":false},"author":4,"featured_media":0,"parent":0,"menu_order":0,"comment_status":"closed","ping_status":"closed","template":"","meta":{"footnotes":""},"class_list":["post-1854","page","type-page","status-publish","hentry"],"_links":{"self":[{"href":"https:\/\/gs-am-tannenplatz.de\/index.php\/wp-json\/wp\/v2\/pages\/1854","targetHints":{"allow":["GET"]}}],"collection":[{"href":"https:\/\/gs-am-tannenplatz.de\/index.php\/wp-json\/wp\/v2\/pages"}],"about":[{"href":"https:\/\/gs-am-tannenplatz.de\/index.php\/wp-json\/wp\/v2\/types\/page"}],"author":[{"embeddable":true,"href":"https:\/\/gs-am-tannenplatz.de\/index.php\/wp-json\/wp\/v2\/users\/4"}],"replies":[{"embeddable":true,"href":"https:\/\/gs-am-tannenplatz.de\/index.php\/wp-json\/wp\/v2\/comments?post=1854"}],"version-history":[{"count":14,"href":"https:\/\/gs-am-tannenplatz.de\/index.php\/wp-json\/wp\/v2\/pages\/1854\/revisions"}],"predecessor-version":[{"id":1928,"href":"https:\/\/gs-am-tannenplatz.de\/index.php\/wp-json\/wp\/v2\/pages\/1854\/revisions\/1928"}],"wp:attachment":[{"href":"https:\/\/gs-am-tannenplatz.de\/index.php\/wp-json\/wp\/v2\/media?parent=1854"}],"curies":[{"name":"wp","href":"https:\/\/api.w.org\/{rel}","templated":true}]}}