{"id":2015,"date":"2025-11-27T15:41:58","date_gmt":"2025-11-27T15:41:58","guid":{"rendered":"https:\/\/gs-am-tannenplatz.de\/?page_id=2015"},"modified":"2026-04-05T09:58:44","modified_gmt":"2026-04-05T09:58:44","slug":"speiseplan-erenlauh","status":"publish","type":"page","link":"https:\/\/gs-am-tannenplatz.de\/index.php\/speiseplan-erenlauh\/","title":{"rendered":"Speiseplan Erenlauh"},"content":{"rendered":"\n<p>Speisepl\u00e4ne f\u00fcr die kommenden Wochen. Informationen \u00fcber Zusatzstoffe und Allergene finden Sie am Ende der Seite.<\/p>\n\n\n\n<figure class=\"wp-block-image size-full\"><img loading=\"lazy\" decoding=\"async\" width=\"2560\" height=\"1810\" src=\"https:\/\/gs-am-tannenplatz.de\/wp-content\/uploads\/2026\/04\/Speiseplan-KW-16-scaled.jpg\" alt=\"\" class=\"wp-image-2175\" srcset=\"https:\/\/gs-am-tannenplatz.de\/wp-content\/uploads\/2026\/04\/Speiseplan-KW-16-scaled.jpg 2560w, https:\/\/gs-am-tannenplatz.de\/wp-content\/uploads\/2026\/04\/Speiseplan-KW-16-1024x724.jpg 1024w, https:\/\/gs-am-tannenplatz.de\/wp-content\/uploads\/2026\/04\/Speiseplan-KW-16-768x543.jpg 768w, https:\/\/gs-am-tannenplatz.de\/wp-content\/uploads\/2026\/04\/Speiseplan-KW-16-1536x1086.jpg 1536w, https:\/\/gs-am-tannenplatz.de\/wp-content\/uploads\/2026\/04\/Speiseplan-KW-16-2048x1448.jpg 2048w\" sizes=\"auto, (max-width: 2560px) 100vw, 2560px\" \/><\/figure>\n\n\n\n<p><strong>Allergene:<\/strong> <br>A = Gluten Weizen, AD = Gluten Dinkel, AR = Gluten Roggen; C = Eier und Eiererzeugnisse; D = Fisch und Fischerzeugnisse; E = Erdn\u00fcsse und Erdnusserzeugnisse; F = Soja und Sojaerzeugnisse; HA=Mandeln, HB = Haseln\u00fcsse, HC = Waln\u00fcsse, HD = Kaschun\u00fcsse, HE = Pecann\u00fcsse, HF = Paran\u00fcsse, HG = Pistazien, HH = Macadamian\u00fcsse, HI = Queenslandn\u00fcsse; G = Milch und Milcherzeugnisse, sowie Lactose; I = Sellerie und Sellerieerzeugnisse; K = Sesamsamen und Sesamerzeugnisse.<\/p>\n\n\n\n<p><strong>Zusatzstoffe: <\/strong><br>1 = Phosphat, 2 = Konservierungsstoffe<\/p>\n\n\n\n<p>Alle mit <strong>BIO <\/strong>genannten Produkte sind zertifiziert nach DE-\u00d6ko-006.<br>Die mit dem <strong>DGE-Logo<\/strong> gekennzeichneten Gerichte entsprechen dem &#8222;DGE-Qualit\u00e4tsstandard f\u00fcr die Verpflegung in Tageseinrichtungen f\u00fcr Kinder&#8220; und dem &#8222;DGE-Qualit\u00e4tsstandard f\u00fcr die Schulverpflegung&#8220;.<br>Die Einhaltung der Kriterien wurde von der Gesellschaft f\u00fcr Ern\u00e4hrung e.V. (DGE) \u00fcberpr\u00fcft und mit diesem Logo ausgezeichnet.<br>Alle Speisen entsprechen den &#8222;Schmeck den S\u00fcden&#8220;-Kriterien f\u00fcr die &#8222;Ausser-Haus-Verpflegung&#8220;! Die Rohware f\u00fcr diese Gerichte ist nachweislich aus BW bzw. wird aus Betrieben mit dem Qualit\u00e4tszeichen BW bezogen (Ausnahme: S\u00fcdfr\u00fcchte, Seefisch und Reis)!)<\/p>\n","protected":false},"excerpt":{"rendered":"<p>Speisepl\u00e4ne f\u00fcr die kommenden Wochen. Informationen \u00fcber Zusatzstoffe und Allergene finden Sie am Ende der Seite. Allergene: A = Gluten Weizen, AD = Gluten Dinkel,&hellip;<\/p>\n","protected":false},"author":4,"featured_media":0,"parent":0,"menu_order":0,"comment_status":"closed","ping_status":"closed","template":"","meta":{"footnotes":""},"class_list":["post-2015","page","type-page","status-publish","hentry"],"_links":{"self":[{"href":"https:\/\/gs-am-tannenplatz.de\/index.php\/wp-json\/wp\/v2\/pages\/2015","targetHints":{"allow":["GET"]}}],"collection":[{"href":"https:\/\/gs-am-tannenplatz.de\/index.php\/wp-json\/wp\/v2\/pages"}],"about":[{"href":"https:\/\/gs-am-tannenplatz.de\/index.php\/wp-json\/wp\/v2\/types\/page"}],"author":[{"embeddable":true,"href":"https:\/\/gs-am-tannenplatz.de\/index.php\/wp-json\/wp\/v2\/users\/4"}],"replies":[{"embeddable":true,"href":"https:\/\/gs-am-tannenplatz.de\/index.php\/wp-json\/wp\/v2\/comments?post=2015"}],"version-history":[{"count":21,"href":"https:\/\/gs-am-tannenplatz.de\/index.php\/wp-json\/wp\/v2\/pages\/2015\/revisions"}],"predecessor-version":[{"id":2176,"href":"https:\/\/gs-am-tannenplatz.de\/index.php\/wp-json\/wp\/v2\/pages\/2015\/revisions\/2176"}],"wp:attachment":[{"href":"https:\/\/gs-am-tannenplatz.de\/index.php\/wp-json\/wp\/v2\/media?parent=2015"}],"curies":[{"name":"wp","href":"https:\/\/api.w.org\/{rel}","templated":true}]}}