{"id":2188,"date":"2026-04-26T19:19:28","date_gmt":"2026-04-26T19:19:28","guid":{"rendered":"https:\/\/gs-am-tannenplatz.de\/?page_id=2188"},"modified":"2026-04-27T08:57:34","modified_gmt":"2026-04-27T08:57:34","slug":"formulare","status":"publish","type":"page","link":"https:\/\/gs-am-tannenplatz.de\/index.php\/formulare\/","title":{"rendered":"Formulare"},"content":{"rendered":"\n<p>Hier finden Sie alle wichtigen Dokumente rund um die Schulkindbetreuung und das Mittagessen Ihres Kindes: Von Betreuungs- und Mensavertr\u00e4gen \u00fcber Antr\u00e4ge f\u00fcr Vertrags\u00e4nderungen bis hin zu K\u00fcndigungsformularen \u2013 alles zum einfachen Herunterladen und Ausf\u00fcllen. <\/p>\n\n\n\n<p>Sie haben die M\u00f6glichkeit, die Formulare digital auszuf\u00fcllen und direkt an <em>skb-tannenplatz[at]ulm.de<\/em> oder <em>skb-erenlauh[at]ulm.de<\/em> zu senden. Alternativ erhalten Sie alle Unterlagen auch in Papierform direkt in der Betreuung. Zudem k\u00f6nnen Sie die Informationen und Formulare auf der Homepage der Stadt Ulm <a href=\"https:\/\/www.ulm.de\/leben-in-ulm\/kinder,-jugend,-familie\/kinderbetreuung\/betreuungsangebote-fuer-schuelerinnen\" data-type=\"link\" data-id=\"https:\/\/www.ulm.de\/leben-in-ulm\/kinder,-jugend,-familie\/kinderbetreuung\/betreuungsangebote-fuer-schuelerinnen\" target=\"_blank\" rel=\"noreferrer noopener\">herunterladen<\/a>. Bei Fragen oder f\u00fcr weitere Informationen zur Schulkindbetreuung stehen wir Ihnen gerne per Telefon oder E-Mail zur Verf\u00fcgung!<\/p>\n\n\n\n<h2 class=\"wp-block-heading\">Betreuungsvertr\u00e4ge:<\/h2>\n\n\n\n<h4 class=\"wp-block-heading\"><a href=\"https:\/\/gs-am-tannenplatz.de\/wp-content\/uploads\/2026\/04\/Betreuungsvertrag_Ganztag_TannenplatzErenlauh.pdf\" data-type=\"attachment\" data-id=\"2202\" target=\"_blank\" rel=\"noreferrer noopener\">Betreuungsvertrag <strong>Ganztag<\/strong><\/a> (Tannenplatz und Erenlauh)<\/h4>\n\n\n\n<h4 class=\"wp-block-heading\"><a href=\"https:\/\/gs-am-tannenplatz.de\/wp-content\/uploads\/2026\/04\/Aenderungsvertrag_Ganztag_TannenplatzErenlauh.pdf\" data-type=\"attachment\" data-id=\"2200\" target=\"_blank\" rel=\"noreferrer noopener\">\u00c4nderungsvertrag <strong>Ganztag<\/strong><\/a> (Tannenplatz und Erenlauh)<\/h4>\n\n\n\n<h4 class=\"wp-block-heading\"><a href=\"https:\/\/gs-am-tannenplatz.de\/wp-content\/uploads\/2026\/04\/Betreuungsvertrag_Verlaessliche-Grundschule-VGS_Erenlauh.pdf\" data-type=\"attachment\" data-id=\"2203\" target=\"_blank\" rel=\"noreferrer noopener\">Betreuungsvertrag <strong>Verl\u00e4ssliche Grundschule<\/strong><\/a> (Erenlauh Kl. 2-4)<\/h4>\n\n\n\n<h4 class=\"wp-block-heading\"><a href=\"https:\/\/gs-am-tannenplatz.de\/wp-content\/uploads\/2026\/04\/Aenderungsvertrag_Verlaessliche-Grundschule-VGS_Erenlauh.pdf\" data-type=\"attachment\" data-id=\"2201\" target=\"_blank\" rel=\"noreferrer noopener\">\u00c4nderungsvertrag <strong>Verl\u00e4ssliche Grundschule<\/strong><\/a> (Erenlauh Kl. 2-4)<\/h4>\n\n\n\n<p><\/p>\n\n\n\n<h2 class=\"wp-block-heading\">Mensavertr\u00e4ge:<\/h2>\n\n\n\n<h4 class=\"wp-block-heading\"><a href=\"https:\/\/gs-am-tannenplatz.de\/wp-content\/uploads\/2026\/04\/Mensavertrag_TannenplatzErenlauh.pdf\" data-type=\"attachment\" data-id=\"2205\" target=\"_blank\" rel=\"noreferrer noopener\">Mensavertrag<\/a> (Tannenplatz und Erenlauh)<\/h4>\n\n\n\n<h4 class=\"wp-block-heading\"><a href=\"https:\/\/gs-am-tannenplatz.de\/wp-content\/uploads\/2026\/04\/Aenderung-der-Mensaessenstage_TannenplatzErenlauh.pdf\" data-type=\"attachment\" data-id=\"2199\" target=\"_blank\" rel=\"noreferrer noopener\">\u00c4nderung der Mensatage<\/a> (Tannenplatz und Erenlauh)<\/h4>\n\n\n\n<h2 class=\"wp-block-heading\">K\u00fcndigung:<\/h2>\n\n\n\n<h4 class=\"wp-block-heading\"><a href=\"https:\/\/gs-am-tannenplatz.de\/wp-content\/uploads\/2026\/04\/Kuendigungsformular_Betreuung_Mensa_TannenplatzErenlauh.pdf\" data-type=\"attachment\" data-id=\"2204\">K\u00fcndigung Mensa, Betreuung, Verl\u00e4ssliche Grundschule<\/a> (Tannenplatz und Erenlauh)<\/h4>\n\n\n\n<p><\/p>\n\n\n\n<p><\/p>\n","protected":false},"excerpt":{"rendered":"<p>Hier finden Sie alle wichtigen Dokumente rund um die Schulkindbetreuung und das Mittagessen Ihres Kindes: Von Betreuungs- und Mensavertr\u00e4gen \u00fcber Antr\u00e4ge f\u00fcr Vertrags\u00e4nderungen bis hin&hellip;<\/p>\n","protected":false},"author":4,"featured_media":0,"parent":0,"menu_order":0,"comment_status":"closed","ping_status":"closed","template":"","meta":{"footnotes":""},"class_list":["post-2188","page","type-page","status-publish","hentry"],"_links":{"self":[{"href":"https:\/\/gs-am-tannenplatz.de\/index.php\/wp-json\/wp\/v2\/pages\/2188","targetHints":{"allow":["GET"]}}],"collection":[{"href":"https:\/\/gs-am-tannenplatz.de\/index.php\/wp-json\/wp\/v2\/pages"}],"about":[{"href":"https:\/\/gs-am-tannenplatz.de\/index.php\/wp-json\/wp\/v2\/types\/page"}],"author":[{"embeddable":true,"href":"https:\/\/gs-am-tannenplatz.de\/index.php\/wp-json\/wp\/v2\/users\/4"}],"replies":[{"embeddable":true,"href":"https:\/\/gs-am-tannenplatz.de\/index.php\/wp-json\/wp\/v2\/comments?post=2188"}],"version-history":[{"count":15,"href":"https:\/\/gs-am-tannenplatz.de\/index.php\/wp-json\/wp\/v2\/pages\/2188\/revisions"}],"predecessor-version":[{"id":2220,"href":"https:\/\/gs-am-tannenplatz.de\/index.php\/wp-json\/wp\/v2\/pages\/2188\/revisions\/2220"}],"wp:attachment":[{"href":"https:\/\/gs-am-tannenplatz.de\/index.php\/wp-json\/wp\/v2\/media?parent=2188"}],"curies":[{"name":"wp","href":"https:\/\/api.w.org\/{rel}","templated":true}]}}