{"id":241,"date":"2023-06-12T07:31:21","date_gmt":"2023-06-12T07:31:21","guid":{"rendered":"https:\/\/gs-am-tannenplatz.de\/?page_id=241"},"modified":"2024-11-07T21:56:10","modified_gmt":"2024-11-07T21:56:10","slug":"elternbeirat","status":"publish","type":"page","link":"https:\/\/gs-am-tannenplatz.de\/index.php\/elternbeirat\/","title":{"rendered":"Elternbeirat"},"content":{"rendered":"\n<p>Der Elternbeirat ist die Vertretung der Eltern der Sch\u00fcler und Sch\u00fclerinnen einer Schule. Ihm obliegt es, das Interesse und die Verantwortung der Eltern f\u00fcr die Aufgaben der Erziehung zu wahren und zu pflegen, der Elternschaft Gelegenheit zur Information und Aussprache zu geben, W\u00fcnsche, Anregungen und Vorschl\u00e4ge der Eltern zu beraten und der Schule zu unterbreiten, an der Verbesserung der inneren und \u00e4u\u00dferen Schulverh\u00e4ltnisse mitzuarbeiten und das Verst\u00e4ndnis der \u00d6ffentlichkeit f\u00fcr die Erziehungs- und Bildungsarbeit der Schule zu st\u00e4rken.<\/p>\n\n\n\n<p>Der Elternbeirat setzt sich aus den von den Eltern der Klassen gew\u00e4hlten Elternvertretern\/Elternvertreterinnen und deren Stellvertretern\/Stellvertreterinnen zusammen. <\/p>\n\n\n\n<p><\/p>\n\n\n\n<div class=\"wp-block-buttons is-layout-flex wp-block-buttons-is-layout-flex\"><\/div>\n\n\n\n<p><\/p>\n","protected":false},"excerpt":{"rendered":"<p>Der Elternbeirat ist die Vertretung der Eltern der Sch\u00fcler und Sch\u00fclerinnen einer Schule. Ihm obliegt es, das Interesse und die Verantwortung der Eltern f\u00fcr die&hellip;<\/p>\n","protected":false},"author":4,"featured_media":0,"parent":0,"menu_order":0,"comment_status":"closed","ping_status":"closed","template":"","meta":{"footnotes":""},"class_list":["post-241","page","type-page","status-publish","hentry"],"_links":{"self":[{"href":"https:\/\/gs-am-tannenplatz.de\/index.php\/wp-json\/wp\/v2\/pages\/241","targetHints":{"allow":["GET"]}}],"collection":[{"href":"https:\/\/gs-am-tannenplatz.de\/index.php\/wp-json\/wp\/v2\/pages"}],"about":[{"href":"https:\/\/gs-am-tannenplatz.de\/index.php\/wp-json\/wp\/v2\/types\/page"}],"author":[{"embeddable":true,"href":"https:\/\/gs-am-tannenplatz.de\/index.php\/wp-json\/wp\/v2\/users\/4"}],"replies":[{"embeddable":true,"href":"https:\/\/gs-am-tannenplatz.de\/index.php\/wp-json\/wp\/v2\/comments?post=241"}],"version-history":[{"count":8,"href":"https:\/\/gs-am-tannenplatz.de\/index.php\/wp-json\/wp\/v2\/pages\/241\/revisions"}],"predecessor-version":[{"id":1151,"href":"https:\/\/gs-am-tannenplatz.de\/index.php\/wp-json\/wp\/v2\/pages\/241\/revisions\/1151"}],"wp:attachment":[{"href":"https:\/\/gs-am-tannenplatz.de\/index.php\/wp-json\/wp\/v2\/media?parent=241"}],"curies":[{"name":"wp","href":"https:\/\/api.w.org\/{rel}","templated":true}]}}