{"id":245,"date":"2023-06-12T07:33:06","date_gmt":"2023-06-12T07:33:06","guid":{"rendered":"https:\/\/gs-am-tannenplatz.de\/?page_id=245"},"modified":"2026-01-10T14:44:33","modified_gmt":"2026-01-10T14:44:33","slug":"foerderverein","status":"publish","type":"page","link":"https:\/\/gs-am-tannenplatz.de\/index.php\/foerderverein\/","title":{"rendered":"F\u00f6rderverein"},"content":{"rendered":"\n<p>Liebe Eltern und Sorgeberechtigte,<br>liebe Mitglieder und Interessierte des F\u00f6rdervereins,<br><br>wir m\u00f6chten Sie herzlich zur <\/p>\n\n\n\n<p class=\"has-text-align-center\"><strong>Mitgliederversammlung des F\u00f6rdervereins <\/strong><br><strong>der Grundschule am Tannenplatz\/ Erenlauh<br>19. Januar 2026<br>GS am Tannenplatz, Wiblinger Ring 11<br>18.00 Uhr im Mehrzweckraum.<\/strong><\/p>\n\n\n\n<p class=\"has-text-align-left\">einladen. Wir freuen uns sehr \u00fcber Ihr Kommen, denn dann planen wir gemeinsam, wie wir die F\u00f6rdervereinsgelder sinnvoll f\u00fcr die Kinder einsetzen k\u00f6nnen.<\/p>\n\n\n\n<p><\/p>\n","protected":false},"excerpt":{"rendered":"<p>Liebe Eltern und Sorgeberechtigte,liebe Mitglieder und Interessierte des F\u00f6rdervereins, wir m\u00f6chten Sie herzlich zur Mitgliederversammlung des F\u00f6rdervereins der Grundschule am Tannenplatz\/ Erenlauh19. Januar 2026GS am&hellip;<\/p>\n","protected":false},"author":4,"featured_media":0,"parent":0,"menu_order":0,"comment_status":"closed","ping_status":"closed","template":"","meta":{"footnotes":""},"class_list":["post-245","page","type-page","status-publish","hentry"],"_links":{"self":[{"href":"https:\/\/gs-am-tannenplatz.de\/index.php\/wp-json\/wp\/v2\/pages\/245","targetHints":{"allow":["GET"]}}],"collection":[{"href":"https:\/\/gs-am-tannenplatz.de\/index.php\/wp-json\/wp\/v2\/pages"}],"about":[{"href":"https:\/\/gs-am-tannenplatz.de\/index.php\/wp-json\/wp\/v2\/types\/page"}],"author":[{"embeddable":true,"href":"https:\/\/gs-am-tannenplatz.de\/index.php\/wp-json\/wp\/v2\/users\/4"}],"replies":[{"embeddable":true,"href":"https:\/\/gs-am-tannenplatz.de\/index.php\/wp-json\/wp\/v2\/comments?post=245"}],"version-history":[{"count":4,"href":"https:\/\/gs-am-tannenplatz.de\/index.php\/wp-json\/wp\/v2\/pages\/245\/revisions"}],"predecessor-version":[{"id":2061,"href":"https:\/\/gs-am-tannenplatz.de\/index.php\/wp-json\/wp\/v2\/pages\/245\/revisions\/2061"}],"wp:attachment":[{"href":"https:\/\/gs-am-tannenplatz.de\/index.php\/wp-json\/wp\/v2\/media?parent=245"}],"curies":[{"name":"wp","href":"https:\/\/api.w.org\/{rel}","templated":true}]}}