{"id":278,"date":"2023-06-12T09:01:59","date_gmt":"2023-06-12T09:01:59","guid":{"rendered":"https:\/\/gs-am-tannenplatz.de\/?page_id=278"},"modified":"2025-11-04T08:12:08","modified_gmt":"2025-11-04T08:12:08","slug":"asija","status":"publish","type":"page","link":"https:\/\/gs-am-tannenplatz.de\/index.php\/asija\/","title":{"rendered":"ASiJA &#8211; An Schulen integriertes Jugendhilfe Angebot"},"content":{"rendered":"\n<h2 class=\"wp-block-heading has-text-align-center\">Kinder stark machen &#8211; mitten im Schulalltag<\/h2>\n\n\n\n<p class=\"has-text-align-center\">Ein Projekt der <a href=\"https:\/\/www.ulm.de\/global\/datenpool\/organisationseinheiten\/stadt-ulm\/bildung-und-soziales\/soziales\" target=\"_blank\" rel=\"noreferrer noopener\">Stadt Ulm Abteilung Soziales<\/a> und des <a href=\"https:\/\/www.awo-ulm.de\/\">AWO Kreisverband Ulm e.V.<\/a><\/p>\n\n\n\n<div class=\"wp-block-columns are-vertically-aligned-center is-layout-flex wp-container-core-columns-is-layout-9d6595d7 wp-block-columns-is-layout-flex\">\n<div class=\"wp-block-column is-vertically-aligned-center is-layout-flow wp-block-column-is-layout-flow\" style=\"flex-basis:25%\">\n<figure class=\"wp-block-image size-large\"><img loading=\"lazy\" decoding=\"async\" width=\"390\" height=\"1024\" src=\"https:\/\/gs-am-tannenplatz.de\/wp-content\/uploads\/2023\/06\/ASIJA_l-390x1024.png\" alt=\"\" class=\"wp-image-332\" srcset=\"https:\/\/gs-am-tannenplatz.de\/wp-content\/uploads\/2023\/06\/ASIJA_l-390x1024.png 390w, https:\/\/gs-am-tannenplatz.de\/wp-content\/uploads\/2023\/06\/ASIJA_l-114x300.png 114w, https:\/\/gs-am-tannenplatz.de\/wp-content\/uploads\/2023\/06\/ASIJA_l.png 641w\" sizes=\"auto, (max-width: 390px) 100vw, 390px\" \/><\/figure>\n<\/div>\n\n\n\n<div class=\"wp-block-column is-vertically-aligned-center is-layout-flow wp-block-column-is-layout-flow\" style=\"flex-basis:50%\">\n<p class=\"has-text-align-center\">ASiJA bedeutet: Unterst\u00fctzung dort, wo Kinder ihre Zeit verbringen \u2013 direkt in der Schule. Das Angebot hilft Grundsch\u00fcler*innen, ihre sozialen, emotionalen und pers\u00f6nlichen F\u00e4higkeiten zu st\u00e4rken und sich im Schulalltag sicher und wohlzuf\u00fchlen.<br><br><strong>Wir wollen Kinder stark machen.<\/strong><br>In ASiJA lernen sie:<\/p>\n\n\n\n<ul class=\"wp-block-list\">\n<li>Konflikte friedlich zu l\u00f6sen,<\/li>\n\n\n\n<li>fair und respektvoll miteinander umzugehen,<\/li>\n\n\n\n<li>eigene Gef\u00fchle wahrzunehmen und auszudr\u00fccken,<\/li>\n\n\n\n<li>Selbstbewusstsein aufzubauen und Verantwortung zu \u00fcbernehmen.<\/li>\n<\/ul>\n\n\n\n<p class=\"has-text-align-center\">Dabei geht es nicht nur um F\u00f6rderung bei Schwierigkeiten, sondern auch um Ausgleich, Beziehung und St\u00e4rkung. Schule ist f\u00fcr viele Kinder ein langer, intensiver Tag \u2013 ASiJA schafft hier Raum zum Durchatmen, Ausprobieren und Wachsen.<\/p>\n<\/div>\n\n\n\n<div class=\"wp-block-column is-vertically-aligned-center is-layout-flow wp-block-column-is-layout-flow\" style=\"flex-basis:25%\">\n<figure class=\"wp-block-image size-large\"><img loading=\"lazy\" decoding=\"async\" width=\"388\" height=\"1024\" src=\"https:\/\/gs-am-tannenplatz.de\/wp-content\/uploads\/2023\/06\/ASIJA_r-388x1024.png\" alt=\"\" class=\"wp-image-334\" srcset=\"https:\/\/gs-am-tannenplatz.de\/wp-content\/uploads\/2023\/06\/ASIJA_r-388x1024.png 388w, https:\/\/gs-am-tannenplatz.de\/wp-content\/uploads\/2023\/06\/ASIJA_r-114x300.png 114w, https:\/\/gs-am-tannenplatz.de\/wp-content\/uploads\/2023\/06\/ASIJA_r-582x1536.png 582w, https:\/\/gs-am-tannenplatz.de\/wp-content\/uploads\/2023\/06\/ASIJA_r.png 646w\" sizes=\"auto, (max-width: 388px) 100vw, 388px\" \/><\/figure>\n<\/div>\n<\/div>\n\n\n\n<h3 class=\"wp-block-heading\">F\u00fcr wen ist ASiJA da?<\/h3>\n\n\n\n<p>ASlJA richtet sich an alle Kinder \u2013 unabh\u00e4ngig davon, ob sie besondere Unterst\u00fctzung brauchen oder nicht. <br>Wir mischen bewusst verschiedene Kindergruppen, damit sie voneinander lernen und Stigmatisierung vermieden wird. Im Mittelpunkt steht das gemeinsame \u00dcben, Erleben und Wachsen.<\/p>\n\n\n\n<h3 class=\"wp-block-heading\">So arbeiten wir:<\/h3>\n\n\n\n<ul class=\"wp-block-list\">\n<li>Gruppenangebote: Spiele, kreative Projekte, Bewegungseinheiten, kleine Ausfl\u00fcge oder Ferienaktionen<\/li>\n\n\n\n<li>Einzelf\u00f6rderung: Zeit und Raum, um \u00fcber Gef\u00fchle zu sprechen \u2013 etwa \u00fcber Wut, Streit oder \u00c4ngste<\/li>\n\n\n\n<li>Ressourcenarbeit: Wir nutzen Bewegung, Natur und Kreativit\u00e4t, um Kinder in ihren St\u00e4rken zu f\u00f6rdern<\/li>\n\n\n\n<li>Elternarbeit: Wir beziehen Eltern als Partner mit ein \u2013 durch Gespr\u00e4che, Austausch und gemeinsame Aktionen<\/li>\n<\/ul>\n\n\n\n<p>So entsteht eine feste Gruppe mit wiederkehrenden Strukturen, in der sich Kinder sicher f\u00fchlen und Vertrauen aufbauen k\u00f6nnen.<\/p>\n\n\n\n<h3 class=\"wp-block-heading\">Ansprechpartnerin: Jessi Huber<\/h3>\n\n\n\n<ul class=\"wp-block-list\">\n<li>jessica.huber[at]awo-ulm.de<\/li>\n\n\n\n<li>+49151 58113131<\/li>\n\n\n\n<li>per Sdui erreichbar<\/li>\n<\/ul>\n\n\n\n<p><\/p>\n\n\n\n<ul class=\"wp-block-list\">\n<li>Montag 8:00 bis 16:30 Uhr<\/li>\n\n\n\n<li>Dienstag 7:30 bis 16:00 Uhr<\/li>\n\n\n\n<li>Donnerstag 9:30 bis 12:00 Uhr<\/li>\n<\/ul>\n\n\n\n<p><\/p>\n\n\n\n<div class=\"wp-block-columns is-layout-flex wp-container-core-columns-is-layout-9d6595d7 wp-block-columns-is-layout-flex\">\n<div class=\"wp-block-column is-layout-flow wp-block-column-is-layout-flow\" style=\"flex-basis:66.66%\"><\/div>\n\n\n\n<div class=\"wp-block-column is-layout-flow wp-block-column-is-layout-flow\" style=\"flex-basis:33.33%\"><\/div>\n<\/div>\n","protected":false},"excerpt":{"rendered":"<p>Kinder stark machen &#8211; mitten im Schulalltag Ein Projekt der Stadt Ulm Abteilung Soziales und des AWO Kreisverband Ulm e.V. ASiJA bedeutet: Unterst\u00fctzung dort, wo&hellip;<\/p>\n","protected":false},"author":4,"featured_media":0,"parent":0,"menu_order":0,"comment_status":"closed","ping_status":"closed","template":"","meta":{"footnotes":""},"class_list":["post-278","page","type-page","status-publish","hentry"],"_links":{"self":[{"href":"https:\/\/gs-am-tannenplatz.de\/index.php\/wp-json\/wp\/v2\/pages\/278","targetHints":{"allow":["GET"]}}],"collection":[{"href":"https:\/\/gs-am-tannenplatz.de\/index.php\/wp-json\/wp\/v2\/pages"}],"about":[{"href":"https:\/\/gs-am-tannenplatz.de\/index.php\/wp-json\/wp\/v2\/types\/page"}],"author":[{"embeddable":true,"href":"https:\/\/gs-am-tannenplatz.de\/index.php\/wp-json\/wp\/v2\/users\/4"}],"replies":[{"embeddable":true,"href":"https:\/\/gs-am-tannenplatz.de\/index.php\/wp-json\/wp\/v2\/comments?post=278"}],"version-history":[{"count":44,"href":"https:\/\/gs-am-tannenplatz.de\/index.php\/wp-json\/wp\/v2\/pages\/278\/revisions"}],"predecessor-version":[{"id":1953,"href":"https:\/\/gs-am-tannenplatz.de\/index.php\/wp-json\/wp\/v2\/pages\/278\/revisions\/1953"}],"wp:attachment":[{"href":"https:\/\/gs-am-tannenplatz.de\/index.php\/wp-json\/wp\/v2\/media?parent=278"}],"curies":[{"name":"wp","href":"https:\/\/api.w.org\/{rel}","templated":true}]}}