{"id":361,"date":"2023-06-19T09:05:02","date_gmt":"2023-06-19T09:05:02","guid":{"rendered":"https:\/\/gs-am-tannenplatz.de\/?page_id=361"},"modified":"2023-06-19T09:10:05","modified_gmt":"2023-06-19T09:10:05","slug":"grundschulfoerderklasse","status":"publish","type":"page","link":"https:\/\/gs-am-tannenplatz.de\/index.php\/grundschulfoerderklasse\/","title":{"rendered":"Grundschulf\u00f6rderklasse"},"content":{"rendered":"\n<h3 class=\"wp-block-heading\"><em>Bildung ist eine Reise in bunter Vielfalt<\/em><\/h3>\n\n\n\n<p>Um diese Reise gut vorbereitet beginnen zu k\u00f6nnen, gibt es f\u00fcr zur\u00fcckgestellte Kinder (6 bis 7 Jahre) an unserer Schule<br>eine Grundschulf\u00f6rderklasse, die maximal 15 Kinder aufnimmt. <\/p>\n\n\n\n<figure class=\"wp-block-image size-large\"><img loading=\"lazy\" decoding=\"async\" width=\"1024\" height=\"766\" src=\"https:\/\/gs-am-tannenplatz.de\/wp-content\/uploads\/2023\/06\/20230612_102942-min-1024x766.jpg\" alt=\"\" class=\"wp-image-350\" srcset=\"https:\/\/gs-am-tannenplatz.de\/wp-content\/uploads\/2023\/06\/20230612_102942-min-1024x766.jpg 1024w, https:\/\/gs-am-tannenplatz.de\/wp-content\/uploads\/2023\/06\/20230612_102942-min-300x224.jpg 300w, https:\/\/gs-am-tannenplatz.de\/wp-content\/uploads\/2023\/06\/20230612_102942-min-768x574.jpg 768w, https:\/\/gs-am-tannenplatz.de\/wp-content\/uploads\/2023\/06\/20230612_102942-min-1536x1149.jpg 1536w, https:\/\/gs-am-tannenplatz.de\/wp-content\/uploads\/2023\/06\/20230612_102942-min-2048x1532.jpg 2048w\" sizes=\"auto, (max-width: 1024px) 100vw, 1024px\" \/><\/figure>\n\n\n\n<p>Hier werden die Kinder spielerisch auf die 1. Klasse vorbereitet. Durch Spiel- und Lerninhalte, Bastelangebote, Freiarbeit und Bewegungsangebote werden die Kinder in ihren sozialen, geistigen, motorischen und kreativen F\u00e4higkeiten gef\u00f6rdert und gest\u00e4rkt.<\/p>\n\n\n\n<figure class=\"wp-block-image size-large\"><img loading=\"lazy\" decoding=\"async\" width=\"1024\" height=\"766\" src=\"https:\/\/gs-am-tannenplatz.de\/wp-content\/uploads\/2023\/06\/20230612_105649-min-1024x766.jpg\" alt=\"\" class=\"wp-image-351\" srcset=\"https:\/\/gs-am-tannenplatz.de\/wp-content\/uploads\/2023\/06\/20230612_105649-min-1024x766.jpg 1024w, https:\/\/gs-am-tannenplatz.de\/wp-content\/uploads\/2023\/06\/20230612_105649-min-300x224.jpg 300w, https:\/\/gs-am-tannenplatz.de\/wp-content\/uploads\/2023\/06\/20230612_105649-min-768x574.jpg 768w, https:\/\/gs-am-tannenplatz.de\/wp-content\/uploads\/2023\/06\/20230612_105649-min-1536x1149.jpg 1536w, https:\/\/gs-am-tannenplatz.de\/wp-content\/uploads\/2023\/06\/20230612_105649-min-2048x1532.jpg 2048w\" sizes=\"auto, (max-width: 1024px) 100vw, 1024px\" \/><\/figure>\n\n\n\n<p>Kleingruppenarbeit, Klassen- sowie individuelle Angebote wechseln sich in unserem Schulalltag ab.<\/p>\n\n\n\n<figure class=\"wp-block-image size-large\"><img loading=\"lazy\" decoding=\"async\" width=\"766\" height=\"1024\" src=\"https:\/\/gs-am-tannenplatz.de\/wp-content\/uploads\/2023\/06\/20230615_120435-min-766x1024.jpg\" alt=\"\" class=\"wp-image-352\" srcset=\"https:\/\/gs-am-tannenplatz.de\/wp-content\/uploads\/2023\/06\/20230615_120435-min-766x1024.jpg 766w, https:\/\/gs-am-tannenplatz.de\/wp-content\/uploads\/2023\/06\/20230615_120435-min-224x300.jpg 224w, https:\/\/gs-am-tannenplatz.de\/wp-content\/uploads\/2023\/06\/20230615_120435-min-768x1027.jpg 768w, https:\/\/gs-am-tannenplatz.de\/wp-content\/uploads\/2023\/06\/20230615_120435-min-1149x1536.jpg 1149w, https:\/\/gs-am-tannenplatz.de\/wp-content\/uploads\/2023\/06\/20230615_120435-min-1532x2048.jpg 1532w, https:\/\/gs-am-tannenplatz.de\/wp-content\/uploads\/2023\/06\/20230615_120435-min-scaled.jpg 1915w\" sizes=\"auto, (max-width: 766px) 100vw, 766px\" \/><\/figure>\n\n\n\n<p><\/p>\n","protected":false},"excerpt":{"rendered":"<p>Bildung ist eine Reise in bunter Vielfalt Um diese Reise gut vorbereitet beginnen zu k\u00f6nnen, gibt es f\u00fcr zur\u00fcckgestellte Kinder (6 bis 7 Jahre) an&hellip;<\/p>\n","protected":false},"author":4,"featured_media":0,"parent":0,"menu_order":0,"comment_status":"closed","ping_status":"closed","template":"","meta":{"footnotes":""},"class_list":["post-361","page","type-page","status-publish","hentry"],"_links":{"self":[{"href":"https:\/\/gs-am-tannenplatz.de\/index.php\/wp-json\/wp\/v2\/pages\/361","targetHints":{"allow":["GET"]}}],"collection":[{"href":"https:\/\/gs-am-tannenplatz.de\/index.php\/wp-json\/wp\/v2\/pages"}],"about":[{"href":"https:\/\/gs-am-tannenplatz.de\/index.php\/wp-json\/wp\/v2\/types\/page"}],"author":[{"embeddable":true,"href":"https:\/\/gs-am-tannenplatz.de\/index.php\/wp-json\/wp\/v2\/users\/4"}],"replies":[{"embeddable":true,"href":"https:\/\/gs-am-tannenplatz.de\/index.php\/wp-json\/wp\/v2\/comments?post=361"}],"version-history":[{"count":4,"href":"https:\/\/gs-am-tannenplatz.de\/index.php\/wp-json\/wp\/v2\/pages\/361\/revisions"}],"predecessor-version":[{"id":366,"href":"https:\/\/gs-am-tannenplatz.de\/index.php\/wp-json\/wp\/v2\/pages\/361\/revisions\/366"}],"wp:attachment":[{"href":"https:\/\/gs-am-tannenplatz.de\/index.php\/wp-json\/wp\/v2\/media?parent=361"}],"curies":[{"name":"wp","href":"https:\/\/api.w.org\/{rel}","templated":true}]}}