{"id":384,"date":"2023-06-22T08:58:09","date_gmt":"2023-06-22T08:58:09","guid":{"rendered":"https:\/\/gs-am-tannenplatz.de\/?page_id=384"},"modified":"2024-11-24T10:45:03","modified_gmt":"2024-11-24T10:45:03","slug":"beratungslehrkraft","status":"publish","type":"page","link":"https:\/\/gs-am-tannenplatz.de\/index.php\/beratungslehrkraft\/","title":{"rendered":"Beratungslehrkraft"},"content":{"rendered":"\n<h4 class=\"wp-block-heading\"><strong>Kontakt<\/strong><\/h4>\n\n\n\n<div class=\"wp-block-group is-nowrap is-layout-flex wp-container-core-group-is-layout-ad2f72ca wp-block-group-is-layout-flex\">\n<div class=\"wp-block-media-text is-stacked-on-mobile\" style=\"grid-template-columns:15% auto\"><figure class=\"wp-block-media-text__media\"><img loading=\"lazy\" decoding=\"async\" width=\"1967\" height=\"2480\" src=\"https:\/\/gs-am-tannenplatz.de\/wp-content\/uploads\/2024\/05\/2024-05-13-Frau-Klotzbuecher-01-1967x2480.jpg\" alt=\"\" class=\"wp-image-885 size-full\" srcset=\"https:\/\/gs-am-tannenplatz.de\/wp-content\/uploads\/2024\/05\/2024-05-13-Frau-Klotzbuecher-01-1967x2480.jpg 1967w, https:\/\/gs-am-tannenplatz.de\/wp-content\/uploads\/2024\/05\/2024-05-13-Frau-Klotzbuecher-01-812x1024.jpg 812w, https:\/\/gs-am-tannenplatz.de\/wp-content\/uploads\/2024\/05\/2024-05-13-Frau-Klotzbuecher-01-768x968.jpg 768w, https:\/\/gs-am-tannenplatz.de\/wp-content\/uploads\/2024\/05\/2024-05-13-Frau-Klotzbuecher-01-1218x1536.jpg 1218w, https:\/\/gs-am-tannenplatz.de\/wp-content\/uploads\/2024\/05\/2024-05-13-Frau-Klotzbuecher-01-1624x2048.jpg 1624w, https:\/\/gs-am-tannenplatz.de\/wp-content\/uploads\/2024\/05\/2024-05-13-Frau-Klotzbuecher-01-scaled.jpg 2030w\" sizes=\"auto, (max-width: 1967px) 100vw, 1967px\" \/><\/figure><div class=\"wp-block-media-text__content\">\n<p>F\u00fcr unsere Schule ist folgende Beratungslehrkraft zust\u00e4ndig:<br><br>Svenja Klotzb\u00fccher<br>E-Mail: svenja.klotzbuecher[at]zsl-rstue.de <br>Tel.: 0731 161 8817<\/p>\n<\/div><\/div>\n<\/div>\n\n\n\n<p><\/p>\n\n\n\n<h4 class=\"wp-block-heading\"><strong>Grunds\u00e4tze unserer Arbeit<\/strong><\/h4>\n\n\n\n<p><strong>Vertraulichkeit<\/strong>: <br>Alle Anfragen und Gespr\u00e4che werden vertraulich behandelt. Wir stehen unter Schweigepflicht. <\/p>\n\n\n\n<p><strong>Kostenfreiheit<\/strong>: <br>Unsere Angebote sind f\u00fcr Ratsuchende kostenlos. <\/p>\n\n\n\n<p><strong>Freier Zugang<\/strong>: <br>Ratsuchende k\u00f6nnen sich bei uns direkt, ohne Vermittlung durch Dritte anmelden. <\/p>\n\n\n\n<p><strong>Freiwilligkeit<\/strong>: <br>Eine Beratung ist nur dann erfolgversprechend, wenn die Ratsuchenden selbst zu Ver\u00e4nderungen motiviert sind.<\/p>\n\n\n\n<p><strong>Unabh\u00e4ngigkeit<\/strong>: <br>Wir orientieren unsere Beratung ausschlie\u00dflich an den Anliegen der Ratsuchenden und fachlichen Kriterien<\/p>\n\n\n<div class=\"wp-block-image\">\n<figure class=\"aligncenter size-large is-resized\"><img loading=\"lazy\" decoding=\"async\" width=\"1024\" height=\"683\" src=\"https:\/\/gs-am-tannenplatz.de\/wp-content\/uploads\/2023\/06\/stillleben-geschaeftsrollen-mit-verschiedenen-puzzleteilen-scaled-e1687425579235-1024x683.jpg\" alt=\"\" class=\"wp-image-388\" style=\"width:364px;height:auto\"\/><figcaption class=\"wp-element-caption\">(c) Image by Freepik<\/figcaption><\/figure>\n<\/div>\n\n\n<h4 class=\"wp-block-heading\"><strong>Beratungsangebote durch die Beratungslehrkraft<\/strong><\/h4>\n\n\n\n<p><strong>F\u00dcR SCH\u00dcLERINNEN UND SCH\u00dcLER: <br><\/strong>Manchmal l\u00e4uft es mit der Schule einfach nicht rund. Wir sind f\u00fcr Dich da, z. B. wenn <br>&#8211; es Dir schwerf\u00e4llt, zu lernen oder Dich zu konzentrieren<br>&#8211; du Angst vor Pr\u00fcfungen oder vor der Schule hast<br>&#8211; du Schwierigkeiten mit Lehrkr\u00e4ften oder Mitsch\u00fclerinnen und Mitsch\u00fclern hast<\/p>\n\n\n\n<p><strong>F\u00dcR ERZIEHUNGSBERECHTIGTE: <br><\/strong>Wir sind f\u00fcr Sie da\u2026 <\/p>\n\n\n\n<p>\u2026bei Fragen zur Schullaufbahn <br>&#8211; im Rahmen der Einschulung<br>&#8211; beim \u00dcbergang von der Grundschule in weiterf\u00fchrende Schulen<br>&#8211; in der Orientierungsstufe<br>&#8211; bei einem Schul(art)wechsel<br>&#8211; bei Entscheidungen \u00fcber Bildungsabschl\u00fcsse <\/p>\n\n\n\n<p>Im Rahmen der Beratung durch eine Beratungslehrkraft k\u00f6nnen beispielsweise folgende Fragen besprochen werden:  <br>&#8211; Welche Schulart ist der richtige Lernort f\u00fcr mein Kind? <br>&#8211; Wo kann mein Kind mit seinen St\u00e4rken und Schw\u00e4chen gut gef\u00f6rdert werden? <br>&#8211; Welche weiterf\u00fchrende Schule sollen wir w\u00e4hlen? <\/p>\n\n\n\n<p>\u2026bei Schulschwierigkeiten <br>&#8211; bei Schwierigkeiten im Lern- und Arbeitsverhalten<br>&#8211; bei Fragen in den Bereichen Lernen, Motivation und Konzentration<br>&#8211; bei Unsicherheiten, Pr\u00fcfungsangst und Schulabsentismus<br>&#8211; bei herausfordernden sozialen Situationen unter Sch\u00fclerinnen und Sch\u00fclern in der Schule, z.B. auch schulische Konflikte und Mobbing<\/p>\n\n\n\n<div class=\"wp-block-columns is-layout-flex wp-container-core-columns-is-layout-9d6595d7 wp-block-columns-is-layout-flex\">\n<div class=\"wp-block-column is-layout-flow wp-block-column-is-layout-flow\" style=\"flex-basis:66.66%\"><\/div>\n\n\n\n<div class=\"wp-block-column is-layout-flow wp-block-column-is-layout-flow\" style=\"flex-basis:33.33%\"><\/div>\n<\/div>\n\n\n\n<div class=\"wp-block-columns is-layout-flex wp-container-core-columns-is-layout-9d6595d7 wp-block-columns-is-layout-flex\">\n<div class=\"wp-block-column is-layout-flow wp-block-column-is-layout-flow\">\n<p><strong>Flyer &#8222;Beratungslehrkr\u00e4fte&#8220; zum Herunterladen<\/strong><\/p>\n<\/div>\n\n\n\n<div class=\"wp-block-column is-layout-flow wp-block-column-is-layout-flow\">\n<div class=\"wp-block-buttons is-layout-flex wp-block-buttons-is-layout-flex\">\n<div class=\"wp-block-button\"><a class=\"wp-block-button__link has-text-align-center wp-element-button\" href=\"https:\/\/gs-am-tannenplatz.de\/wp-content\/uploads\/2023\/06\/Flyer-Beratungslehrkraefte.pdf\" target=\"_blank\" rel=\"noreferrer noopener\"><strong>Download<\/strong><\/a><\/div>\n<\/div>\n<\/div>\n<\/div>\n\n\n\n<p><\/p>\n","protected":false},"excerpt":{"rendered":"<p>Kontakt F\u00fcr unsere Schule ist folgende Beratungslehrkraft zust\u00e4ndig: Svenja Klotzb\u00fccherE-Mail: svenja.klotzbuecher[at]zsl-rstue.de Tel.: 0731 161 8817 Grunds\u00e4tze unserer Arbeit Vertraulichkeit: Alle Anfragen und Gespr\u00e4che werden vertraulich&hellip;<\/p>\n","protected":false},"author":4,"featured_media":0,"parent":0,"menu_order":0,"comment_status":"closed","ping_status":"closed","template":"","meta":{"footnotes":""},"class_list":["post-384","page","type-page","status-publish","hentry"],"_links":{"self":[{"href":"https:\/\/gs-am-tannenplatz.de\/index.php\/wp-json\/wp\/v2\/pages\/384","targetHints":{"allow":["GET"]}}],"collection":[{"href":"https:\/\/gs-am-tannenplatz.de\/index.php\/wp-json\/wp\/v2\/pages"}],"about":[{"href":"https:\/\/gs-am-tannenplatz.de\/index.php\/wp-json\/wp\/v2\/types\/page"}],"author":[{"embeddable":true,"href":"https:\/\/gs-am-tannenplatz.de\/index.php\/wp-json\/wp\/v2\/users\/4"}],"replies":[{"embeddable":true,"href":"https:\/\/gs-am-tannenplatz.de\/index.php\/wp-json\/wp\/v2\/comments?post=384"}],"version-history":[{"count":20,"href":"https:\/\/gs-am-tannenplatz.de\/index.php\/wp-json\/wp\/v2\/pages\/384\/revisions"}],"predecessor-version":[{"id":1236,"href":"https:\/\/gs-am-tannenplatz.de\/index.php\/wp-json\/wp\/v2\/pages\/384\/revisions\/1236"}],"wp:attachment":[{"href":"https:\/\/gs-am-tannenplatz.de\/index.php\/wp-json\/wp\/v2\/media?parent=384"}],"curies":[{"name":"wp","href":"https:\/\/api.w.org\/{rel}","templated":true}]}}