{"id":582,"date":"2023-10-16T07:32:52","date_gmt":"2023-10-16T07:32:52","guid":{"rendered":"https:\/\/gs-am-tannenplatz.de\/?page_id=582"},"modified":"2023-10-16T07:32:52","modified_gmt":"2023-10-16T07:32:52","slug":"biss-transfer","status":"publish","type":"page","link":"https:\/\/gs-am-tannenplatz.de\/index.php\/biss-transfer\/","title":{"rendered":"BiSS Transfer"},"content":{"rendered":"\n<figure class=\"wp-block-image size-full is-resized\"><img loading=\"lazy\" decoding=\"async\" width=\"938\" height=\"374\" src=\"https:\/\/gs-am-tannenplatz.de\/wp-content\/uploads\/2023\/10\/BiSS.jpg\" alt=\"\" class=\"wp-image-583\" style=\"aspect-ratio:2.5080213903743314;width:405px;height:auto\" srcset=\"https:\/\/gs-am-tannenplatz.de\/wp-content\/uploads\/2023\/10\/BiSS.jpg 938w, https:\/\/gs-am-tannenplatz.de\/wp-content\/uploads\/2023\/10\/BiSS-300x120.jpg 300w, https:\/\/gs-am-tannenplatz.de\/wp-content\/uploads\/2023\/10\/BiSS-768x306.jpg 768w\" sizes=\"auto, (max-width: 938px) 100vw, 938px\" \/><\/figure>\n\n\n\n<p><strong>Transfer von Sprachbildung, Lese- und&nbsp;Schreibf\u00f6rderung (BiSS-Transfer)<\/strong><\/p>\n\n\n\n<p>BiSS-Transfer ist eine gemeinsame Initiative des&nbsp;Bundesministeriums f\u00fcr Bildung und Forschung&nbsp;(BMBF) und der Kultusministerkonferenz (KMK) zum&nbsp;Transfer von Sprachbildung, Lese- und&nbsp;Schreibf\u00f6rderung in Schulen und Kitas (<a href=\"http:\/\/www.biss-sprachbildung.de\">www.biss-sprachbildung.de<\/a>).&nbsp;<\/p>\n\n\n\n<p>Ziel in Baden-W\u00fcrttemberg ist die <strong>St\u00e4rkung der Basiskompetenzen <\/strong>der Sch\u00fclerinnen und Sch\u00fcler im Bereich des Lesens. Im Mittelpunkt steht die <strong>F\u00f6rderung der Lesefertigkeiten <\/strong>(Lesetechnik, Lesefl\u00fcssigkeit) sowie der <strong>Lesef\u00e4higkeiten<\/strong> (Leseverstehen, Lesestrategien). Auf der Basis eines <strong>einheitlichen und systematischen Lesecurriculums<\/strong> setzen die BiSS-Grundschulen Schritt f\u00fcr Schritt nachweislich lernf\u00f6rderliche Elemente im Leseunterricht um, wie z.B. das Training der Lesefl\u00fcssigkeit mithilfe von Lautlesetandems und den Einsatz ausgew\u00e4hlter Lesestrategien. Damit die Umsetzung in allen Klassenstufen gut funktioniert, hat jede BiSS-Grundschule eine eigene Projektgruppe eingerichtet, die sich regelm\u00e4\u00dfig trifft, um \u00fcber n\u00e4chste Schritte in der Umsetzung zu sprechen. Jede Schule hat zudem eine BiSS-Ansprechperson, die gemeinsam mit der Schulleitung das Kollegium an der Schule dabei unterst\u00fctzt, das BiSS-Lesef\u00f6rderkonzept umzusetzen. Unsere BiSS-Ansprechpersonen an der Schule hei\u00dfen Fr. Eisinger und Fr. Koch.<\/p>\n\n\n\n<p>In Baden-W\u00fcrttemberg nehmen mit Start des Schuljahres 2023\/2024 insgesamt 2030 Grundschulen teil, die in 21 BiSS-Verb\u00fcnden organisiert sind. Die Verb\u00fcnde dienen der Vernetzung und dem Austausch. Hier k\u00f6nnen die Verb\u00fcnde eingesehen werden: <a href=\"http:\/\/www.biss-sprachbildung.de\/biss-vor-ort\" data-type=\"link\" data-id=\"www.biss-sprachbildung.de\/biss-vor-ort\">www.biss-sprachbildung.de\/biss-vor-ort<\/a>. Unsere Grundschule ist auch mit dabei und geh\u00f6rt dem Verbund Biberach\/Markdorf an.<\/p>\n\n\n\n<p><\/p>\n","protected":false},"excerpt":{"rendered":"<p>Transfer von Sprachbildung, Lese- und&nbsp;Schreibf\u00f6rderung (BiSS-Transfer) BiSS-Transfer ist eine gemeinsame Initiative des&nbsp;Bundesministeriums f\u00fcr Bildung und Forschung&nbsp;(BMBF) und der Kultusministerkonferenz (KMK) zum&nbsp;Transfer von Sprachbildung, Lese- und&nbsp;Schreibf\u00f6rderung&hellip;<\/p>\n","protected":false},"author":4,"featured_media":0,"parent":0,"menu_order":0,"comment_status":"closed","ping_status":"closed","template":"","meta":{"footnotes":""},"class_list":["post-582","page","type-page","status-publish","hentry"],"_links":{"self":[{"href":"https:\/\/gs-am-tannenplatz.de\/index.php\/wp-json\/wp\/v2\/pages\/582","targetHints":{"allow":["GET"]}}],"collection":[{"href":"https:\/\/gs-am-tannenplatz.de\/index.php\/wp-json\/wp\/v2\/pages"}],"about":[{"href":"https:\/\/gs-am-tannenplatz.de\/index.php\/wp-json\/wp\/v2\/types\/page"}],"author":[{"embeddable":true,"href":"https:\/\/gs-am-tannenplatz.de\/index.php\/wp-json\/wp\/v2\/users\/4"}],"replies":[{"embeddable":true,"href":"https:\/\/gs-am-tannenplatz.de\/index.php\/wp-json\/wp\/v2\/comments?post=582"}],"version-history":[{"count":1,"href":"https:\/\/gs-am-tannenplatz.de\/index.php\/wp-json\/wp\/v2\/pages\/582\/revisions"}],"predecessor-version":[{"id":584,"href":"https:\/\/gs-am-tannenplatz.de\/index.php\/wp-json\/wp\/v2\/pages\/582\/revisions\/584"}],"wp:attachment":[{"href":"https:\/\/gs-am-tannenplatz.de\/index.php\/wp-json\/wp\/v2\/media?parent=582"}],"curies":[{"name":"wp","href":"https:\/\/api.w.org\/{rel}","templated":true}]}}